{"id":582,"date":"2024-04-24T14:47:50","date_gmt":"2024-04-24T12:47:50","guid":{"rendered":"https:\/\/commercesramonville.com\/?page_id=582"},"modified":"2024-05-16T10:19:28","modified_gmt":"2024-05-16T08:19:28","slug":"bloomirose-2","status":"publish","type":"page","link":"https:\/\/commercesramonville.com\/index.php\/bloomirose-2\/","title":{"rendered":"La petite cuill\u00e8re"},"content":{"rendered":"\t\t<div data-elementor-type=\"wp-page\" data-elementor-id=\"582\" class=\"elementor elementor-582\">\n\t\t\t\t<div class=\"elementor-element elementor-element-71f6f99 e-con-full e-flex e-con e-parent\" data-id=\"71f6f99\" data-element_type=\"container\">\n\t\t\t\t<div class=\"elementor-element elementor-element-45d3ba4 elementor-widget__width-initial elementor-widget elementor-widget-image\" data-id=\"45d3ba4\" data-element_type=\"widget\" data-widget_type=\"image.default\">\n\t\t\t\t<div class=\"elementor-widget-container\">\n\t\t\t\t\t\t\t\t\t\t\t\t\t<img fetchpriority=\"high\" decoding=\"async\" width=\"361\" height=\"361\" src=\"https:\/\/commercesramonville.com\/wp-content\/uploads\/2024\/04\/la-petite-cuillere-e1714043169781.jpg\" class=\"attachment-medium_large size-medium_large wp-image-823\" alt=\"\" srcset=\"https:\/\/commercesramonville.com\/wp-content\/uploads\/2024\/04\/la-petite-cuillere-e1714043169781.jpg 361w, https:\/\/commercesramonville.com\/wp-content\/uploads\/2024\/04\/la-petite-cuillere-e1714043169781-300x300.jpg 300w, https:\/\/commercesramonville.com\/wp-content\/uploads\/2024\/04\/la-petite-cuillere-e1714043169781-150x150.jpg 150w\" sizes=\"(max-width: 361px) 100vw, 361px\" \/>\t\t\t\t\t\t\t\t\t\t\t\t\t<\/div>\n\t\t\t\t<\/div>\n\t\t\t\t<\/div>\n\t\t<div class=\"elementor-element elementor-element-4109e10 e-con-full e-flex e-con e-parent\" data-id=\"4109e10\" data-element_type=\"container\">\n\t\t<div class=\"elementor-element elementor-element-83a67fa e-con-full e-flex e-con e-child\" data-id=\"83a67fa\" data-element_type=\"container\">\n\t\t<div class=\"elementor-element elementor-element-84d5520 e-con-full e-flex e-con e-child\" data-id=\"84d5520\" data-element_type=\"container\">\n\t\t\t\t<div class=\"elementor-element elementor-element-beb63f1 elementor-widget__width-initial elementor-widget elementor-widget-text-editor\" data-id=\"beb63f1\" data-element_type=\"widget\" data-widget_type=\"text-editor.default\">\n\t\t\t\t<div class=\"elementor-widget-container\">\n\t\t\t\t\t\t\t4 place Marnac\t\t\t\t\t\t<\/div>\n\t\t\t\t<\/div>\n\t\t\t\t<div class=\"elementor-element elementor-element-cf80dbe elementor-widget__width-initial elementor-widget elementor-widget-image\" data-id=\"cf80dbe\" data-element_type=\"widget\" data-widget_type=\"image.default\">\n\t\t\t\t<div class=\"elementor-widget-container\">\n\t\t\t\t\t\t\t\t\t\t\t\t\t<img decoding=\"async\" width=\"256\" height=\"256\" src=\"https:\/\/commercesramonville.com\/wp-content\/uploads\/2024\/04\/phone_icon.png\" class=\"attachment-large size-large wp-image-493\" alt=\"\" srcset=\"https:\/\/commercesramonville.com\/wp-content\/uploads\/2024\/04\/phone_icon.png 256w, https:\/\/commercesramonville.com\/wp-content\/uploads\/2024\/04\/phone_icon-150x150.png 150w\" sizes=\"(max-width: 256px) 100vw, 256px\" \/>\t\t\t\t\t\t\t\t\t\t\t\t\t<\/div>\n\t\t\t\t<\/div>\n\t\t\t\t<div class=\"elementor-element elementor-element-b88c8dd elementor-widget elementor-widget-text-editor\" data-id=\"b88c8dd\" data-element_type=\"widget\" data-widget_type=\"text-editor.default\">\n\t\t\t\t<div class=\"elementor-widget-container\">\n\t\t\t\t\t\t\t<div class=\"x9f619 x1n2onr6 x1ja2u2z x78zum5 x2lah0s x1nhvcw1 x1qjc9v5 xozqiw3 x1q0g3np xyamay9 xykv574 xbmpl8g x4cne27 xifccgj\"><div class=\"x9f619 x1n2onr6 x1ja2u2z x78zum5 xdt5ytf x193iq5w xeuugli x1r8uery x1iyjqo2 xs83m0k xamitd3 xsyo7zv x16hj40l x10b6aqq x1yrsyyn\"><div class=\"x78zum5 xdt5ytf xz62fqu x16ldp7u\"><div class=\"xu06os2 x1ok221b\"><span class=\"x193iq5w xeuugli x13faqbe x1vvkbs x1xmvt09 x1lliihq x1s928wv xhkezso x1gmr53x x1cpjm7i x1fgarty x1943h6x xudqn12 x3x7a5m x6prxxf xvq8zen xo1l8bm xzsf02u x1yc453h\" dir=\"auto\">07 49 90 83 95<\/span><\/div><\/div><\/div><\/div>\t\t\t\t\t\t<\/div>\n\t\t\t\t<\/div>\n\t\t\t\t<div class=\"elementor-element elementor-element-9f91a52 elementor-widget__width-initial elementor-widget elementor-widget-image\" data-id=\"9f91a52\" data-element_type=\"widget\" data-widget_type=\"image.default\">\n\t\t\t\t<div class=\"elementor-widget-container\">\n\t\t\t\t\t\t\t\t\t\t\t\t\t<img decoding=\"async\" width=\"300\" height=\"300\" src=\"https:\/\/commercesramonville.com\/wp-content\/uploads\/2024\/04\/1024px-Aiga_mail.svg-300x300.png\" class=\"attachment-medium size-medium wp-image-484\" alt=\"\" srcset=\"https:\/\/commercesramonville.com\/wp-content\/uploads\/2024\/04\/1024px-Aiga_mail.svg-300x300.png 300w, https:\/\/commercesramonville.com\/wp-content\/uploads\/2024\/04\/1024px-Aiga_mail.svg-150x150.png 150w, https:\/\/commercesramonville.com\/wp-content\/uploads\/2024\/04\/1024px-Aiga_mail.svg-768x768.png 768w, https:\/\/commercesramonville.com\/wp-content\/uploads\/2024\/04\/1024px-Aiga_mail.svg.png 1024w\" sizes=\"(max-width: 300px) 100vw, 300px\" \/>\t\t\t\t\t\t\t\t\t\t\t\t\t<\/div>\n\t\t\t\t<\/div>\n\t\t\t\t<div class=\"elementor-element elementor-element-5f3dca9 elementor-widget elementor-widget-text-editor\" data-id=\"5f3dca9\" data-element_type=\"widget\" data-widget_type=\"text-editor.default\">\n\t\t\t\t<div class=\"elementor-widget-container\">\n\t\t\t\t\t\t\t<p><span class=\"x193iq5w xeuugli x13faqbe x1vvkbs x1xmvt09 x1lliihq x1s928wv xhkezso x1gmr53x x1cpjm7i x1fgarty x1943h6x xudqn12 x3x7a5m x6prxxf xvq8zen xo1l8bm xzsf02u x1yc453h\" dir=\"auto\">bloomirose31@gmail.com<\/span><\/p>\t\t\t\t\t\t<\/div>\n\t\t\t\t<\/div>\n\t\t\t\t<div class=\"elementor-element elementor-element-bd3bc95 elementor-widget__width-initial elementor-widget elementor-widget-image\" data-id=\"bd3bc95\" data-element_type=\"widget\" data-widget_type=\"image.default\">\n\t\t\t\t<div class=\"elementor-widget-container\">\n\t\t\t\t\t\t\t\t\t\t\t\t\t\t<a href=\"https:\/\/www.facebook.com\/p\/Bloomirose-100087363510158\/?locale=hi_IN\" target=\"_blank\">\n\t\t\t\t\t\t\t<img loading=\"lazy\" decoding=\"async\" width=\"512\" height=\"512\" src=\"https:\/\/commercesramonville.com\/wp-content\/uploads\/2024\/04\/facebook.png\" class=\"attachment-large size-large wp-image-500\" alt=\"\" srcset=\"https:\/\/commercesramonville.com\/wp-content\/uploads\/2024\/04\/facebook.png 512w, https:\/\/commercesramonville.com\/wp-content\/uploads\/2024\/04\/facebook-300x300.png 300w, https:\/\/commercesramonville.com\/wp-content\/uploads\/2024\/04\/facebook-150x150.png 150w\" sizes=\"(max-width: 512px) 100vw, 512px\" \/>\t\t\t\t\t\t\t\t<\/a>\n\t\t\t\t\t\t\t\t\t\t\t\t\t<\/div>\n\t\t\t\t<\/div>\n\t\t\t\t<\/div>\n\t\t<div class=\"elementor-element elementor-element-4c4271a e-con-full e-flex e-con e-child\" data-id=\"4c4271a\" data-element_type=\"container\">\n\t\t\t\t<div class=\"elementor-element elementor-element-ad5d8f9 elementor-widget elementor-widget-google_maps\" data-id=\"ad5d8f9\" data-element_type=\"widget\" data-widget_type=\"google_maps.default\">\n\t\t\t\t<div class=\"elementor-widget-container\">\n\t\t\t\t\t<div class=\"elementor-custom-embed\">\n\t\t\t<iframe loading=\"lazy\"\n\t\t\t\t\tsrc=\"https:\/\/maps.google.com\/maps?q=4%20place%20marnac%20ramonville&#038;t=m&#038;z=15&#038;output=embed&#038;iwloc=near\"\n\t\t\t\t\ttitle=\"4 place marnac ramonville\"\n\t\t\t\t\taria-label=\"4 place marnac ramonville\"\n\t\t\t><\/iframe>\n\t\t<\/div>\n\t\t\t\t<\/div>\n\t\t\t\t<\/div>\n\t\t\t\t<\/div>\n\t\t\t\t<\/div>\n\t\t\t\t<\/div>\n\t\t\t\t<\/div>\n\t\t","protected":false},"excerpt":{"rendered":"<p>4 place Marnac 07 49 90 83 95 bloomirose31@gmail.com<\/p>\n","protected":false},"author":1,"featured_media":0,"parent":0,"menu_order":0,"comment_status":"closed","ping_status":"closed","template":"elementor_header_footer","meta":{"ocean_post_layout":"","ocean_both_sidebars_style":"","ocean_both_sidebars_content_width":0,"ocean_both_sidebars_sidebars_width":0,"ocean_sidebar":"","ocean_second_sidebar":"","ocean_disable_margins":"enable","ocean_add_body_class":"","ocean_shortcode_before_top_bar":"","ocean_shortcode_after_top_bar":"","ocean_shortcode_before_header":"","ocean_shortcode_after_header":"","ocean_has_shortcode":"","ocean_shortcode_after_title":"","ocean_shortcode_before_footer_widgets":"","ocean_shortcode_after_footer_widgets":"","ocean_shortcode_before_footer_bottom":"","ocean_shortcode_after_footer_bottom":"","ocean_display_top_bar":"default","ocean_display_header":"default","ocean_header_style":"","ocean_center_header_left_menu":"","ocean_custom_header_template":"","ocean_custom_logo":0,"ocean_custom_retina_logo":0,"ocean_custom_logo_max_width":0,"ocean_custom_logo_tablet_max_width":0,"ocean_custom_logo_mobile_max_width":0,"ocean_custom_logo_max_height":0,"ocean_custom_logo_tablet_max_height":0,"ocean_custom_logo_mobile_max_height":0,"ocean_header_custom_menu":"","ocean_menu_typo_font_family":"","ocean_menu_typo_font_subset":"","ocean_menu_typo_font_size":0,"ocean_menu_typo_font_size_tablet":0,"ocean_menu_typo_font_size_mobile":0,"ocean_menu_typo_font_size_unit":"px","ocean_menu_typo_font_weight":"","ocean_menu_typo_font_weight_tablet":"","ocean_menu_typo_font_weight_mobile":"","ocean_menu_typo_transform":"","ocean_menu_typo_transform_tablet":"","ocean_menu_typo_transform_mobile":"","ocean_menu_typo_line_height":0,"ocean_menu_typo_line_height_tablet":0,"ocean_menu_typo_line_height_mobile":0,"ocean_menu_typo_line_height_unit":"","ocean_menu_typo_spacing":0,"ocean_menu_typo_spacing_tablet":0,"ocean_menu_typo_spacing_mobile":0,"ocean_menu_typo_spacing_unit":"","ocean_menu_link_color":"","ocean_menu_link_color_hover":"","ocean_menu_link_color_active":"","ocean_menu_link_background":"","ocean_menu_link_hover_background":"","ocean_menu_link_active_background":"","ocean_menu_social_links_bg":"","ocean_menu_social_hover_links_bg":"","ocean_menu_social_links_color":"","ocean_menu_social_hover_links_color":"","ocean_disable_title":"default","ocean_disable_heading":"default","ocean_post_title":"","ocean_post_subheading":"","ocean_post_title_style":"","ocean_post_title_background_color":"","ocean_post_title_background":0,"ocean_post_title_bg_image_position":"","ocean_post_title_bg_image_attachment":"","ocean_post_title_bg_image_repeat":"","ocean_post_title_bg_image_size":"","ocean_post_title_height":0,"ocean_post_title_bg_overlay":0.5,"ocean_post_title_bg_overlay_color":"","ocean_disable_breadcrumbs":"default","ocean_breadcrumbs_color":"","ocean_breadcrumbs_separator_color":"","ocean_breadcrumbs_links_color":"","ocean_breadcrumbs_links_hover_color":"","ocean_display_footer_widgets":"default","ocean_display_footer_bottom":"default","ocean_custom_footer_template":"","footnotes":""},"class_list":["post-582","page","type-page","status-publish","hentry","entry"],"yoast_head":"<!-- This site is optimized with the Yoast SEO plugin v22.7 - https:\/\/yoast.com\/wordpress\/plugins\/seo\/ -->\n<title>La petite cuill\u00e8re - ACAR<\/title>\n<meta name=\"description\" content=\"Un concept store qui propose diff\u00e9rents univers tels que des v\u00eatements, des bijoux, des accessoires, des d\u00e9corations, etc...\" \/>\n<meta name=\"robots\" content=\"index, follow, max-snippet:-1, max-image-preview:large, max-video-preview:-1\" \/>\n<link rel=\"canonical\" href=\"http:\/\/commercesramonville.com\/index.php\/bloomirose-2\/\" \/>\n<meta property=\"og:locale\" content=\"en_US\" \/>\n<meta property=\"og:type\" content=\"article\" \/>\n<meta property=\"og:title\" content=\"La petite cuill\u00e8re - ACAR\" \/>\n<meta property=\"og:description\" content=\"Un concept store qui propose diff\u00e9rents univers tels que des v\u00eatements, des bijoux, des accessoires, des d\u00e9corations, etc...\" \/>\n<meta property=\"og:url\" content=\"http:\/\/commercesramonville.com\/index.php\/bloomirose-2\/\" \/>\n<meta property=\"og:site_name\" content=\"ACAR\" \/>\n<meta property=\"article:publisher\" content=\"https:\/\/www.facebook.com\/profile.php?id=100093439506329\" \/>\n<meta property=\"article:modified_time\" content=\"2024-05-16T08:19:28+00:00\" \/>\n<meta property=\"og:image\" content=\"http:\/\/commercesramonville.com\/wp-content\/uploads\/2024\/04\/la-petite-cuillere-e1714043169781.jpg\" \/>\n<meta name=\"twitter:card\" content=\"summary_large_image\" \/>\n<meta name=\"twitter:label1\" content=\"Est. reading time\" \/>\n\t<meta name=\"twitter:data1\" content=\"1 minute\" \/>\n<script type=\"application\/ld+json\" class=\"yoast-schema-graph\">{\"@context\":\"https:\/\/schema.org\",\"@graph\":[{\"@type\":\"WebPage\",\"@id\":\"http:\/\/commercesramonville.com\/index.php\/bloomirose-2\/\",\"url\":\"http:\/\/commercesramonville.com\/index.php\/bloomirose-2\/\",\"name\":\"La petite cuill\u00e8re - ACAR\",\"isPartOf\":{\"@id\":\"https:\/\/commercesramonville.com\/#website\"},\"primaryImageOfPage\":{\"@id\":\"http:\/\/commercesramonville.com\/index.php\/bloomirose-2\/#primaryimage\"},\"image\":{\"@id\":\"http:\/\/commercesramonville.com\/index.php\/bloomirose-2\/#primaryimage\"},\"thumbnailUrl\":\"http:\/\/commercesramonville.com\/wp-content\/uploads\/2024\/04\/la-petite-cuillere-e1714043169781.jpg\",\"datePublished\":\"2024-04-24T12:47:50+00:00\",\"dateModified\":\"2024-05-16T08:19:28+00:00\",\"description\":\"Un concept store qui propose diff\u00e9rents univers tels que des v\u00eatements, des bijoux, des accessoires, des d\u00e9corations, etc...\",\"breadcrumb\":{\"@id\":\"http:\/\/commercesramonville.com\/index.php\/bloomirose-2\/#breadcrumb\"},\"inLanguage\":\"en-US\",\"potentialAction\":[{\"@type\":\"ReadAction\",\"target\":[\"http:\/\/commercesramonville.com\/index.php\/bloomirose-2\/\"]}]},{\"@type\":\"ImageObject\",\"inLanguage\":\"en-US\",\"@id\":\"http:\/\/commercesramonville.com\/index.php\/bloomirose-2\/#primaryimage\",\"url\":\"https:\/\/commercesramonville.com\/wp-content\/uploads\/2024\/04\/la-petite-cuillere-e1714043169781.jpg\",\"contentUrl\":\"https:\/\/commercesramonville.com\/wp-content\/uploads\/2024\/04\/la-petite-cuillere-e1714043169781.jpg\",\"width\":361,\"height\":361},{\"@type\":\"BreadcrumbList\",\"@id\":\"http:\/\/commercesramonville.com\/index.php\/bloomirose-2\/#breadcrumb\",\"itemListElement\":[{\"@type\":\"ListItem\",\"position\":1,\"name\":\"Accueil\",\"item\":\"https:\/\/commercesramonville.com\/\"},{\"@type\":\"ListItem\",\"position\":2,\"name\":\"La petite cuill\u00e8re\"}]},{\"@type\":\"WebSite\",\"@id\":\"https:\/\/commercesramonville.com\/#website\",\"url\":\"https:\/\/commercesramonville.com\/\",\"name\":\"commercesramonville\",\"description\":\"Association des Commer\u00e7ants et Artisans de Ramonville\",\"publisher\":{\"@id\":\"https:\/\/commercesramonville.com\/#organization\"},\"potentialAction\":[{\"@type\":\"SearchAction\",\"target\":{\"@type\":\"EntryPoint\",\"urlTemplate\":\"https:\/\/commercesramonville.com\/?s={search_term_string}\"},\"query-input\":\"required name=search_term_string\"}],\"inLanguage\":\"en-US\"},{\"@type\":\"Organization\",\"@id\":\"https:\/\/commercesramonville.com\/#organization\",\"name\":\"Association des Commer\u00e7ants et Artisans de Ramonville\",\"url\":\"https:\/\/commercesramonville.com\/\",\"logo\":{\"@type\":\"ImageObject\",\"inLanguage\":\"en-US\",\"@id\":\"https:\/\/commercesramonville.com\/#\/schema\/logo\/image\/\",\"url\":\"http:\/\/commercesramonville.com\/wp-content\/uploads\/2023\/06\/ACAR-Logo-PNG.png\",\"contentUrl\":\"http:\/\/commercesramonville.com\/wp-content\/uploads\/2023\/06\/ACAR-Logo-PNG.png\",\"width\":2551,\"height\":2551,\"caption\":\"Association des Commer\u00e7ants et Artisans de Ramonville\"},\"image\":{\"@id\":\"https:\/\/commercesramonville.com\/#\/schema\/logo\/image\/\"},\"sameAs\":[\"https:\/\/www.facebook.com\/profile.php?id=100093439506329\",\"https:\/\/www.instagram.com\/commercantsartisansramonville\/\"]}]}<\/script>\n<!-- \/ Yoast SEO plugin. -->","yoast_head_json":{"title":"La petite cuill\u00e8re - ACAR","description":"Un concept store qui propose diff\u00e9rents univers tels que des v\u00eatements, des bijoux, des accessoires, des d\u00e9corations, etc...","robots":{"index":"index","follow":"follow","max-snippet":"max-snippet:-1","max-image-preview":"max-image-preview:large","max-video-preview":"max-video-preview:-1"},"canonical":"http:\/\/commercesramonville.com\/index.php\/bloomirose-2\/","og_locale":"en_US","og_type":"article","og_title":"La petite cuill\u00e8re - ACAR","og_description":"Un concept store qui propose diff\u00e9rents univers tels que des v\u00eatements, des bijoux, des accessoires, des d\u00e9corations, etc...","og_url":"http:\/\/commercesramonville.com\/index.php\/bloomirose-2\/","og_site_name":"ACAR","article_publisher":"https:\/\/www.facebook.com\/profile.php?id=100093439506329","article_modified_time":"2024-05-16T08:19:28+00:00","og_image":[{"url":"http:\/\/commercesramonville.com\/wp-content\/uploads\/2024\/04\/la-petite-cuillere-e1714043169781.jpg"}],"twitter_card":"summary_large_image","twitter_misc":{"Est. reading time":"1 minute"},"schema":{"@context":"https:\/\/schema.org","@graph":[{"@type":"WebPage","@id":"http:\/\/commercesramonville.com\/index.php\/bloomirose-2\/","url":"http:\/\/commercesramonville.com\/index.php\/bloomirose-2\/","name":"La petite cuill\u00e8re - ACAR","isPartOf":{"@id":"https:\/\/commercesramonville.com\/#website"},"primaryImageOfPage":{"@id":"http:\/\/commercesramonville.com\/index.php\/bloomirose-2\/#primaryimage"},"image":{"@id":"http:\/\/commercesramonville.com\/index.php\/bloomirose-2\/#primaryimage"},"thumbnailUrl":"http:\/\/commercesramonville.com\/wp-content\/uploads\/2024\/04\/la-petite-cuillere-e1714043169781.jpg","datePublished":"2024-04-24T12:47:50+00:00","dateModified":"2024-05-16T08:19:28+00:00","description":"Un concept store qui propose diff\u00e9rents univers tels que des v\u00eatements, des bijoux, des accessoires, des d\u00e9corations, etc...","breadcrumb":{"@id":"http:\/\/commercesramonville.com\/index.php\/bloomirose-2\/#breadcrumb"},"inLanguage":"en-US","potentialAction":[{"@type":"ReadAction","target":["http:\/\/commercesramonville.com\/index.php\/bloomirose-2\/"]}]},{"@type":"ImageObject","inLanguage":"en-US","@id":"http:\/\/commercesramonville.com\/index.php\/bloomirose-2\/#primaryimage","url":"https:\/\/commercesramonville.com\/wp-content\/uploads\/2024\/04\/la-petite-cuillere-e1714043169781.jpg","contentUrl":"https:\/\/commercesramonville.com\/wp-content\/uploads\/2024\/04\/la-petite-cuillere-e1714043169781.jpg","width":361,"height":361},{"@type":"BreadcrumbList","@id":"http:\/\/commercesramonville.com\/index.php\/bloomirose-2\/#breadcrumb","itemListElement":[{"@type":"ListItem","position":1,"name":"Accueil","item":"https:\/\/commercesramonville.com\/"},{"@type":"ListItem","position":2,"name":"La petite cuill\u00e8re"}]},{"@type":"WebSite","@id":"https:\/\/commercesramonville.com\/#website","url":"https:\/\/commercesramonville.com\/","name":"commercesramonville","description":"Association des Commer\u00e7ants et Artisans de Ramonville","publisher":{"@id":"https:\/\/commercesramonville.com\/#organization"},"potentialAction":[{"@type":"SearchAction","target":{"@type":"EntryPoint","urlTemplate":"https:\/\/commercesramonville.com\/?s={search_term_string}"},"query-input":"required name=search_term_string"}],"inLanguage":"en-US"},{"@type":"Organization","@id":"https:\/\/commercesramonville.com\/#organization","name":"Association des Commer\u00e7ants et Artisans de Ramonville","url":"https:\/\/commercesramonville.com\/","logo":{"@type":"ImageObject","inLanguage":"en-US","@id":"https:\/\/commercesramonville.com\/#\/schema\/logo\/image\/","url":"http:\/\/commercesramonville.com\/wp-content\/uploads\/2023\/06\/ACAR-Logo-PNG.png","contentUrl":"http:\/\/commercesramonville.com\/wp-content\/uploads\/2023\/06\/ACAR-Logo-PNG.png","width":2551,"height":2551,"caption":"Association des Commer\u00e7ants et Artisans de Ramonville"},"image":{"@id":"https:\/\/commercesramonville.com\/#\/schema\/logo\/image\/"},"sameAs":["https:\/\/www.facebook.com\/profile.php?id=100093439506329","https:\/\/www.instagram.com\/commercantsartisansramonville\/"]}]}},"_links":{"self":[{"href":"https:\/\/commercesramonville.com\/index.php\/wp-json\/wp\/v2\/pages\/582","targetHints":{"allow":["GET"]}}],"collection":[{"href":"https:\/\/commercesramonville.com\/index.php\/wp-json\/wp\/v2\/pages"}],"about":[{"href":"https:\/\/commercesramonville.com\/index.php\/wp-json\/wp\/v2\/types\/page"}],"author":[{"embeddable":true,"href":"https:\/\/commercesramonville.com\/index.php\/wp-json\/wp\/v2\/users\/1"}],"replies":[{"embeddable":true,"href":"https:\/\/commercesramonville.com\/index.php\/wp-json\/wp\/v2\/comments?post=582"}],"version-history":[{"count":34,"href":"https:\/\/commercesramonville.com\/index.php\/wp-json\/wp\/v2\/pages\/582\/revisions"}],"predecessor-version":[{"id":1970,"href":"https:\/\/commercesramonville.com\/index.php\/wp-json\/wp\/v2\/pages\/582\/revisions\/1970"}],"wp:attachment":[{"href":"https:\/\/commercesramonville.com\/index.php\/wp-json\/wp\/v2\/media?parent=582"}],"curies":[{"name":"wp","href":"https:\/\/api.w.org\/{rel}","templated":true}]}}