{"id":23,"date":"2023-06-27T14:29:31","date_gmt":"2023-06-27T12:29:31","guid":{"rendered":"http:\/\/commercesramonville.com\/?page_id=23"},"modified":"2024-05-21T14:56:48","modified_gmt":"2024-05-21T12:56:48","slug":"adherer","status":"publish","type":"page","link":"https:\/\/commercesramonville.com\/index.php\/adherer\/","title":{"rendered":"Adh\u00e9rer"},"content":{"rendered":"\t\t<div data-elementor-type=\"wp-page\" data-elementor-id=\"23\" class=\"elementor elementor-23\">\n\t\t\t\t<div class=\"elementor-element elementor-element-d04579f e-con-full e-flex e-con e-parent\" data-id=\"d04579f\" data-element_type=\"container\">\n\t\t\t\t<div class=\"elementor-element elementor-element-25b2be8 elementor-widget__width-initial elementor-widget-divider--view-line elementor-widget elementor-widget-divider\" data-id=\"25b2be8\" data-element_type=\"widget\" data-widget_type=\"divider.default\">\n\t\t\t\t<div class=\"elementor-widget-container\">\n\t\t\t\t\t<div class=\"elementor-divider\">\n\t\t\t<span class=\"elementor-divider-separator\">\n\t\t\t\t\t\t<\/span>\n\t\t<\/div>\n\t\t\t\t<\/div>\n\t\t\t\t<\/div>\n\t\t\t\t<div class=\"elementor-element elementor-element-e1d0f15 elementor-widget__width-initial elementor-widget elementor-widget-heading\" data-id=\"e1d0f15\" data-element_type=\"widget\" data-widget_type=\"heading.default\">\n\t\t\t\t<div class=\"elementor-widget-container\">\n\t\t\t<h1 class=\"elementor-heading-title elementor-size-default\">Adh\u00e9rer<\/h1>\t\t<\/div>\n\t\t\t\t<\/div>\n\t\t\t\t<div class=\"elementor-element elementor-element-19ecddd elementor-widget__width-initial elementor-widget-divider--view-line elementor-widget elementor-widget-divider\" data-id=\"19ecddd\" data-element_type=\"widget\" data-widget_type=\"divider.default\">\n\t\t\t\t<div class=\"elementor-widget-container\">\n\t\t\t\t\t<div class=\"elementor-divider\">\n\t\t\t<span class=\"elementor-divider-separator\">\n\t\t\t\t\t\t<\/span>\n\t\t<\/div>\n\t\t\t\t<\/div>\n\t\t\t\t<\/div>\n\t\t\t\t<\/div>\n\t\t<div class=\"elementor-element elementor-element-fe93eb7 e-con-full e-flex e-con e-parent\" data-id=\"fe93eb7\" data-element_type=\"container\">\n\t\t<div class=\"elementor-element elementor-element-6712fe8 e-con-full e-flex e-con e-child\" data-id=\"6712fe8\" data-element_type=\"container\">\n\t\t\t\t<div class=\"elementor-element elementor-element-0d35f07 elementor-widget__width-initial elementor-widget elementor-widget-heading\" data-id=\"0d35f07\" data-element_type=\"widget\" data-widget_type=\"heading.default\">\n\t\t\t\t<div class=\"elementor-widget-container\">\n\t\t\t<h2 class=\"elementor-heading-title elementor-size-default\">Si vous \u00eates un.e<\/h2>\t\t<\/div>\n\t\t\t\t<\/div>\n\t\t<div class=\"elementor-element elementor-element-2d576cd e-con-full e-flex e-con e-child\" data-id=\"2d576cd\" data-element_type=\"container\">\n\t\t\t\t<div class=\"elementor-element elementor-element-211ff0b elementor-align-center elementor-widget__width-auto elementor-widget elementor-widget-button\" data-id=\"211ff0b\" data-element_type=\"widget\" data-widget_type=\"button.default\">\n\t\t\t\t<div class=\"elementor-widget-container\">\n\t\t\t\t\t\t\t<div class=\"elementor-button-wrapper\">\n\t\t\t\t\t<a class=\"elementor-button elementor-size-md\" role=\"button\">\n\t\t\t\t\t\t<span class=\"elementor-button-content-wrapper\">\n\t\t\t\t\t\t\t\t\t<span class=\"elementor-button-text\">Commer\u00e7ant.e\/artisan.e<\/span>\n\t\t\t\t\t<\/span>\n\t\t\t\t\t<\/a>\n\t\t\t\t<\/div>\n\t\t\t\t\t\t<\/div>\n\t\t\t\t<\/div>\n\t\t\t\t<div class=\"elementor-element elementor-element-0546e6f elementor-align-center elementor-widget__width-auto elementor-widget elementor-widget-button\" data-id=\"0546e6f\" data-element_type=\"widget\" data-widget_type=\"button.default\">\n\t\t\t\t<div class=\"elementor-widget-container\">\n\t\t\t\t\t\t\t<div class=\"elementor-button-wrapper\">\n\t\t\t\t\t<a class=\"elementor-button elementor-size-md\" role=\"button\">\n\t\t\t\t\t\t<span class=\"elementor-button-content-wrapper\">\n\t\t\t\t\t\t\t\t\t<span class=\"elementor-button-text\">Particulier.e<\/span>\n\t\t\t\t\t<\/span>\n\t\t\t\t\t<\/a>\n\t\t\t\t<\/div>\n\t\t\t\t\t\t<\/div>\n\t\t\t\t<\/div>\n\t\t\t\t<div class=\"elementor-element elementor-element-38664fb elementor-align-center elementor-widget__width-auto elementor-widget elementor-widget-button\" data-id=\"38664fb\" data-element_type=\"widget\" data-widget_type=\"button.default\">\n\t\t\t\t<div class=\"elementor-widget-container\">\n\t\t\t\t\t\t\t<div class=\"elementor-button-wrapper\">\n\t\t\t\t\t<a class=\"elementor-button elementor-size-md\" role=\"button\">\n\t\t\t\t\t\t<span class=\"elementor-button-content-wrapper\">\n\t\t\t\t\t\t\t\t\t<span class=\"elementor-button-text\">Organisme<\/span>\n\t\t\t\t\t<\/span>\n\t\t\t\t\t<\/a>\n\t\t\t\t<\/div>\n\t\t\t\t\t\t<\/div>\n\t\t\t\t<\/div>\n\t\t\t\t<\/div>\n\t\t\t\t<div class=\"elementor-element elementor-element-3877cb14 elementor-widget elementor-widget-text-editor\" data-id=\"3877cb14\" data-element_type=\"widget\" data-widget_type=\"text-editor.default\">\n\t\t\t\t<div class=\"elementor-widget-container\">\n\t\t\t\t\t\t\t<!-- wp:paragraph -->\n<p>d\u00e9sirant aider b\u00e9n\u00e9volement l&#8217;association, souhaitant adh\u00e9rer \u00e0 l&#8217;association, devenir partenaire ou ayant une id\u00e9e d&#8217;\u00e9v\u00e8nement<\/p>\n<!-- \/wp:paragraph --><!-- wp:paragraph --><!-- \/wp:paragraph --><!-- wp:paragraph --><!-- \/wp:paragraph --><!-- wp:contact-form-7\/contact-form-selector {\"id\":64,\"title\":\"Formulaire de contact 1\"} --><!-- \/wp:contact-form-7\/contact-form-selector -->\t\t\t\t\t\t<\/div>\n\t\t\t\t<\/div>\n\t\t\t\t<div class=\"elementor-element elementor-element-83e8bf4 elementor-widget elementor-widget-text-editor\" data-id=\"83e8bf4\" data-element_type=\"widget\" data-widget_type=\"text-editor.default\">\n\t\t\t\t<div class=\"elementor-widget-container\">\n\t\t\t\t\t\t\t<!-- wp:paragraph -->\n<p>alors nous vous invitons \u00e0 nous envoyer un mail en remplissant le formulaire suivant :<\/p>\n<!-- \/wp:paragraph --><!-- wp:paragraph --><!-- \/wp:paragraph --><!-- wp:paragraph --><!-- \/wp:paragraph --><!-- wp:contact-form-7\/contact-form-selector {\"id\":64,\"title\":\"Formulaire de contact 1\"} --><!-- \/wp:contact-form-7\/contact-form-selector -->\t\t\t\t\t\t<\/div>\n\t\t\t\t<\/div>\n\t\t\t\t<\/div>\n\t\t\t\t<\/div>\n\t\t<div class=\"elementor-element elementor-element-3158d84b e-con-full e-flex e-con e-parent\" data-id=\"3158d84b\" data-element_type=\"container\">\n\t\t\t\t<div class=\"elementor-element elementor-element-79a856c elementor-widget elementor-widget-text-editor\" data-id=\"79a856c\" data-element_type=\"widget\" data-widget_type=\"text-editor.default\">\n\t\t\t\t<div class=\"elementor-widget-container\">\n\t\t\t\t\t\t\t<p>\n<div class=\"wpcf7 no-js\" id=\"wpcf7-f64-o1\" lang=\"fr-FR\" dir=\"ltr\">\n<div class=\"screen-reader-response\"><p role=\"status\" aria-live=\"polite\" aria-atomic=\"true\"><\/p> <ul><\/ul><\/div>\n<form action=\"\/index.php\/wp-json\/wp\/v2\/pages\/23#wpcf7-f64-o1\" method=\"post\" class=\"wpcf7-form init\" aria-label=\"Formulaire de contact\" novalidate=\"novalidate\" data-status=\"init\">\n<div style=\"display: none;\">\n<input type=\"hidden\" name=\"_wpcf7\" value=\"64\" \/>\n<input type=\"hidden\" name=\"_wpcf7_version\" value=\"5.9.4\" \/>\n<input type=\"hidden\" name=\"_wpcf7_locale\" value=\"fr_FR\" \/>\n<input type=\"hidden\" name=\"_wpcf7_unit_tag\" value=\"wpcf7-f64-o1\" \/>\n<input type=\"hidden\" name=\"_wpcf7_container_post\" value=\"0\" \/>\n<input type=\"hidden\" name=\"_wpcf7_posted_data_hash\" value=\"\" \/>\n<\/div>\n<p><label> Votre nom<br \/>\n<span class=\"wpcf7-form-control-wrap\" data-name=\"your-name\"><input size=\"40\" class=\"wpcf7-form-control wpcf7-text wpcf7-validates-as-required\" autocomplete=\"nom\" aria-required=\"true\" aria-invalid=\"false\" value=\"\" type=\"text\" name=\"your-name\" \/><\/span> <\/label>\n<\/p>\n<fieldset>\n\t<legend>Motif du contact:\n\t<\/legend>\n\t<div>\n\t\t<p><span class=\"wpcf7-form-control-wrap\" data-name=\"label_first\"><span class=\"wpcf7-form-control wpcf7-radio\"><span class=\"wpcf7-list-item first\"><input type=\"radio\" name=\"label_first\" value=\"Adh\u00e9sion\" \/><span class=\"wpcf7-list-item-label\">Adh\u00e9sion<\/span><\/span><span class=\"wpcf7-list-item\"><input type=\"radio\" name=\"label_first\" value=\"Partenaire\" checked=\"checked\" \/><span class=\"wpcf7-list-item-label\">Partenaire<\/span><\/span><span class=\"wpcf7-list-item\"><input type=\"radio\" name=\"label_first\" value=\"\u00c9v\u00e8nement\" \/><span class=\"wpcf7-list-item-label\">\u00c9v\u00e8nement<\/span><\/span><span class=\"wpcf7-list-item last\"><input type=\"radio\" name=\"label_first\" value=\"B\u00e9n\u00e9volat\" \/><span class=\"wpcf7-list-item-label\">B\u00e9n\u00e9volat<\/span><\/span><\/span><\/span>\n\t\t<\/p>\n\t<\/div>\n<\/fieldset>\n<p><label> Votre e-mail<br \/>\n<span class=\"wpcf7-form-control-wrap\" data-name=\"your-email\"><input size=\"40\" class=\"wpcf7-form-control wpcf7-email wpcf7-validates-as-required wpcf7-text wpcf7-validates-as-email\" aria-required=\"true\" aria-invalid=\"false\" value=\"\" type=\"email\" name=\"your-email\" \/><\/span> <\/label>\n<\/p>\n<p><label> Objet<br \/>\n<span class=\"wpcf7-form-control-wrap\" data-name=\"your-subject\"><input size=\"40\" class=\"wpcf7-form-control wpcf7-text wpcf7-validates-as-required\" aria-required=\"true\" aria-invalid=\"false\" value=\"\" type=\"text\" name=\"your-subject\" \/><\/span> <\/label>\n<\/p>\n<p><label> Votre message (facultatif)<br \/>\n<span class=\"wpcf7-form-control-wrap\" data-name=\"your-message\"><textarea cols=\"40\" rows=\"10\" class=\"wpcf7-form-control wpcf7-textarea\" aria-invalid=\"false\" name=\"your-message\"><\/textarea><\/span> <\/label>\n<\/p>\n<p><input class=\"wpcf7-form-control wpcf7-submit has-spinner\" type=\"submit\" value=\"Soumettre\" \/>\n<\/p><p style=\"display: none !important;\" class=\"akismet-fields-container\" data-prefix=\"_wpcf7_ak_\"><label>&#916;<textarea name=\"_wpcf7_ak_hp_textarea\" cols=\"45\" rows=\"8\" maxlength=\"100\"><\/textarea><\/label><input type=\"hidden\" id=\"ak_js_1\" name=\"_wpcf7_ak_js\" value=\"9\"\/><script>document.getElementById( \"ak_js_1\" ).setAttribute( \"value\", ( new Date() ).getTime() );<\/script><\/p><div class=\"wpcf7-response-output\" aria-hidden=\"true\"><\/div>\n<\/form>\n<\/div>\n<\/p>\t\t\t\t\t\t<\/div>\n\t\t\t\t<\/div>\n\t\t\t\t<\/div>\n\t\t\t\t<\/div>\n\t\t","protected":false},"excerpt":{"rendered":"<p>Adh\u00e9rer Si vous \u00eates un.e Commer\u00e7ant.e\/artisan.e Particulier.e Organisme d\u00e9sirant aider b\u00e9n\u00e9volement l&#8217;association, souhaitant adh\u00e9rer \u00e0 l&#8217;association, devenir partenaire ou ayant une id\u00e9e d&#8217;\u00e9v\u00e8nement alors nous vous invitons \u00e0 nous envoyer un mail en remplissant le formulaire suivant :<\/p>\n","protected":false},"author":1,"featured_media":0,"parent":0,"menu_order":0,"comment_status":"closed","ping_status":"closed","template":"elementor_header_footer","meta":{"ocean_post_layout":"","ocean_both_sidebars_style":"","ocean_both_sidebars_content_width":0,"ocean_both_sidebars_sidebars_width":0,"ocean_sidebar":"","ocean_second_sidebar":"","ocean_disable_margins":"enable","ocean_add_body_class":"","ocean_shortcode_before_top_bar":"","ocean_shortcode_after_top_bar":"","ocean_shortcode_before_header":"","ocean_shortcode_after_header":"","ocean_has_shortcode":"","ocean_shortcode_after_title":"","ocean_shortcode_before_footer_widgets":"","ocean_shortcode_after_footer_widgets":"","ocean_shortcode_before_footer_bottom":"","ocean_shortcode_after_footer_bottom":"","ocean_display_top_bar":"default","ocean_display_header":"default","ocean_header_style":"","ocean_center_header_left_menu":"","ocean_custom_header_template":"","ocean_custom_logo":0,"ocean_custom_retina_logo":0,"ocean_custom_logo_max_width":0,"ocean_custom_logo_tablet_max_width":0,"ocean_custom_logo_mobile_max_width":0,"ocean_custom_logo_max_height":0,"ocean_custom_logo_tablet_max_height":0,"ocean_custom_logo_mobile_max_height":0,"ocean_header_custom_menu":"","ocean_menu_typo_font_family":"","ocean_menu_typo_font_subset":"","ocean_menu_typo_font_size":0,"ocean_menu_typo_font_size_tablet":0,"ocean_menu_typo_font_size_mobile":0,"ocean_menu_typo_font_size_unit":"px","ocean_menu_typo_font_weight":"","ocean_menu_typo_font_weight_tablet":"","ocean_menu_typo_font_weight_mobile":"","ocean_menu_typo_transform":"","ocean_menu_typo_transform_tablet":"","ocean_menu_typo_transform_mobile":"","ocean_menu_typo_line_height":0,"ocean_menu_typo_line_height_tablet":0,"ocean_menu_typo_line_height_mobile":0,"ocean_menu_typo_line_height_unit":"","ocean_menu_typo_spacing":0,"ocean_menu_typo_spacing_tablet":0,"ocean_menu_typo_spacing_mobile":0,"ocean_menu_typo_spacing_unit":"","ocean_menu_link_color":"","ocean_menu_link_color_hover":"","ocean_menu_link_color_active":"","ocean_menu_link_background":"","ocean_menu_link_hover_background":"","ocean_menu_link_active_background":"","ocean_menu_social_links_bg":"","ocean_menu_social_hover_links_bg":"","ocean_menu_social_links_color":"","ocean_menu_social_hover_links_color":"","ocean_disable_title":"default","ocean_disable_heading":"default","ocean_post_title":"","ocean_post_subheading":"","ocean_post_title_style":"","ocean_post_title_background_color":"","ocean_post_title_background":0,"ocean_post_title_bg_image_position":"","ocean_post_title_bg_image_attachment":"","ocean_post_title_bg_image_repeat":"","ocean_post_title_bg_image_size":"","ocean_post_title_height":0,"ocean_post_title_bg_overlay":0.5,"ocean_post_title_bg_overlay_color":"","ocean_disable_breadcrumbs":"default","ocean_breadcrumbs_color":"","ocean_breadcrumbs_separator_color":"","ocean_breadcrumbs_links_color":"","ocean_breadcrumbs_links_hover_color":"","ocean_display_footer_widgets":"default","ocean_display_footer_bottom":"default","ocean_custom_footer_template":"","footnotes":""},"class_list":["post-23","page","type-page","status-publish","hentry","entry"],"yoast_head":"<!-- This site is optimized with the Yoast SEO plugin v22.7 - https:\/\/yoast.com\/wordpress\/plugins\/seo\/ -->\n<title>Adh\u00e9rer - ACAR<\/title>\n<meta name=\"description\" content=\"Si vous \u00eates un commer\u00e7ant\/artisan et que vous souhaitez adh\u00e9rer \u00e0 l&#039;association, un particulier d\u00e9sirant aider b\u00e9n\u00e9volement notre association, ou que vous \u00eates un organisme souhaitant devenir partenaire ou ayant une id\u00e9e d&#039;\u00e9v\u00e8nement, nous vous invitons \u00e0 nous envoyer un mail en remplissant le formulaire suivant :\" \/>\n<meta name=\"robots\" content=\"index, follow, max-snippet:-1, max-image-preview:large, max-video-preview:-1\" \/>\n<link rel=\"canonical\" href=\"https:\/\/commercesramonville.com\/index.php\/adherer\/\" \/>\n<meta property=\"og:locale\" content=\"en_US\" \/>\n<meta property=\"og:type\" content=\"article\" \/>\n<meta property=\"og:title\" content=\"Adh\u00e9rer - ACAR\" \/>\n<meta property=\"og:description\" content=\"Si vous \u00eates un commer\u00e7ant\/artisan et que vous souhaitez adh\u00e9rer \u00e0 l&#039;association, un particulier d\u00e9sirant aider b\u00e9n\u00e9volement notre association, ou que vous \u00eates un organisme souhaitant devenir partenaire ou ayant une id\u00e9e d&#039;\u00e9v\u00e8nement, nous vous invitons \u00e0 nous envoyer un mail en remplissant le formulaire suivant :\" \/>\n<meta property=\"og:url\" content=\"https:\/\/commercesramonville.com\/index.php\/adherer\/\" \/>\n<meta property=\"og:site_name\" content=\"ACAR\" \/>\n<meta property=\"article:publisher\" content=\"https:\/\/www.facebook.com\/profile.php?id=100093439506329\" \/>\n<meta property=\"article:modified_time\" content=\"2024-05-21T12:56:48+00:00\" \/>\n<meta name=\"twitter:card\" content=\"summary_large_image\" \/>\n<meta name=\"twitter:label1\" content=\"Est. reading time\" \/>\n\t<meta name=\"twitter:data1\" content=\"1 minute\" \/>\n<script type=\"application\/ld+json\" class=\"yoast-schema-graph\">{\"@context\":\"https:\/\/schema.org\",\"@graph\":[{\"@type\":\"WebPage\",\"@id\":\"https:\/\/commercesramonville.com\/index.php\/adherer\/\",\"url\":\"https:\/\/commercesramonville.com\/index.php\/adherer\/\",\"name\":\"Adh\u00e9rer - ACAR\",\"isPartOf\":{\"@id\":\"https:\/\/commercesramonville.com\/#website\"},\"datePublished\":\"2023-06-27T12:29:31+00:00\",\"dateModified\":\"2024-05-21T12:56:48+00:00\",\"description\":\"Si vous \u00eates un commer\u00e7ant\/artisan et que vous souhaitez adh\u00e9rer \u00e0 l'association, un particulier d\u00e9sirant aider b\u00e9n\u00e9volement notre association, ou que vous \u00eates un organisme souhaitant devenir partenaire ou ayant une id\u00e9e d'\u00e9v\u00e8nement, nous vous invitons \u00e0 nous envoyer un mail en remplissant le formulaire suivant :\",\"breadcrumb\":{\"@id\":\"https:\/\/commercesramonville.com\/index.php\/adherer\/#breadcrumb\"},\"inLanguage\":\"en-US\",\"potentialAction\":[{\"@type\":\"ReadAction\",\"target\":[\"https:\/\/commercesramonville.com\/index.php\/adherer\/\"]}]},{\"@type\":\"BreadcrumbList\",\"@id\":\"https:\/\/commercesramonville.com\/index.php\/adherer\/#breadcrumb\",\"itemListElement\":[{\"@type\":\"ListItem\",\"position\":1,\"name\":\"Accueil\",\"item\":\"https:\/\/commercesramonville.com\/\"},{\"@type\":\"ListItem\",\"position\":2,\"name\":\"Adh\u00e9rer\"}]},{\"@type\":\"WebSite\",\"@id\":\"https:\/\/commercesramonville.com\/#website\",\"url\":\"https:\/\/commercesramonville.com\/\",\"name\":\"commercesramonville\",\"description\":\"Association des Commer\u00e7ants et Artisans de Ramonville\",\"publisher\":{\"@id\":\"https:\/\/commercesramonville.com\/#organization\"},\"potentialAction\":[{\"@type\":\"SearchAction\",\"target\":{\"@type\":\"EntryPoint\",\"urlTemplate\":\"https:\/\/commercesramonville.com\/?s={search_term_string}\"},\"query-input\":\"required name=search_term_string\"}],\"inLanguage\":\"en-US\"},{\"@type\":\"Organization\",\"@id\":\"https:\/\/commercesramonville.com\/#organization\",\"name\":\"Association des Commer\u00e7ants et Artisans de Ramonville\",\"url\":\"https:\/\/commercesramonville.com\/\",\"logo\":{\"@type\":\"ImageObject\",\"inLanguage\":\"en-US\",\"@id\":\"https:\/\/commercesramonville.com\/#\/schema\/logo\/image\/\",\"url\":\"http:\/\/commercesramonville.com\/wp-content\/uploads\/2023\/06\/ACAR-Logo-PNG.png\",\"contentUrl\":\"http:\/\/commercesramonville.com\/wp-content\/uploads\/2023\/06\/ACAR-Logo-PNG.png\",\"width\":2551,\"height\":2551,\"caption\":\"Association des Commer\u00e7ants et Artisans de Ramonville\"},\"image\":{\"@id\":\"https:\/\/commercesramonville.com\/#\/schema\/logo\/image\/\"},\"sameAs\":[\"https:\/\/www.facebook.com\/profile.php?id=100093439506329\",\"https:\/\/www.instagram.com\/commercantsartisansramonville\/\"]}]}<\/script>\n<!-- \/ Yoast SEO plugin. -->","yoast_head_json":{"title":"Adh\u00e9rer - ACAR","description":"Si vous \u00eates un commer\u00e7ant\/artisan et que vous souhaitez adh\u00e9rer \u00e0 l'association, un particulier d\u00e9sirant aider b\u00e9n\u00e9volement notre association, ou que vous \u00eates un organisme souhaitant devenir partenaire ou ayant une id\u00e9e d'\u00e9v\u00e8nement, nous vous invitons \u00e0 nous envoyer un mail en remplissant le formulaire suivant :","robots":{"index":"index","follow":"follow","max-snippet":"max-snippet:-1","max-image-preview":"max-image-preview:large","max-video-preview":"max-video-preview:-1"},"canonical":"https:\/\/commercesramonville.com\/index.php\/adherer\/","og_locale":"en_US","og_type":"article","og_title":"Adh\u00e9rer - ACAR","og_description":"Si vous \u00eates un commer\u00e7ant\/artisan et que vous souhaitez adh\u00e9rer \u00e0 l'association, un particulier d\u00e9sirant aider b\u00e9n\u00e9volement notre association, ou que vous \u00eates un organisme souhaitant devenir partenaire ou ayant une id\u00e9e d'\u00e9v\u00e8nement, nous vous invitons \u00e0 nous envoyer un mail en remplissant le formulaire suivant :","og_url":"https:\/\/commercesramonville.com\/index.php\/adherer\/","og_site_name":"ACAR","article_publisher":"https:\/\/www.facebook.com\/profile.php?id=100093439506329","article_modified_time":"2024-05-21T12:56:48+00:00","twitter_card":"summary_large_image","twitter_misc":{"Est. reading time":"1 minute"},"schema":{"@context":"https:\/\/schema.org","@graph":[{"@type":"WebPage","@id":"https:\/\/commercesramonville.com\/index.php\/adherer\/","url":"https:\/\/commercesramonville.com\/index.php\/adherer\/","name":"Adh\u00e9rer - ACAR","isPartOf":{"@id":"https:\/\/commercesramonville.com\/#website"},"datePublished":"2023-06-27T12:29:31+00:00","dateModified":"2024-05-21T12:56:48+00:00","description":"Si vous \u00eates un commer\u00e7ant\/artisan et que vous souhaitez adh\u00e9rer \u00e0 l'association, un particulier d\u00e9sirant aider b\u00e9n\u00e9volement notre association, ou que vous \u00eates un organisme souhaitant devenir partenaire ou ayant une id\u00e9e d'\u00e9v\u00e8nement, nous vous invitons \u00e0 nous envoyer un mail en remplissant le formulaire suivant :","breadcrumb":{"@id":"https:\/\/commercesramonville.com\/index.php\/adherer\/#breadcrumb"},"inLanguage":"en-US","potentialAction":[{"@type":"ReadAction","target":["https:\/\/commercesramonville.com\/index.php\/adherer\/"]}]},{"@type":"BreadcrumbList","@id":"https:\/\/commercesramonville.com\/index.php\/adherer\/#breadcrumb","itemListElement":[{"@type":"ListItem","position":1,"name":"Accueil","item":"https:\/\/commercesramonville.com\/"},{"@type":"ListItem","position":2,"name":"Adh\u00e9rer"}]},{"@type":"WebSite","@id":"https:\/\/commercesramonville.com\/#website","url":"https:\/\/commercesramonville.com\/","name":"commercesramonville","description":"Association des Commer\u00e7ants et Artisans de Ramonville","publisher":{"@id":"https:\/\/commercesramonville.com\/#organization"},"potentialAction":[{"@type":"SearchAction","target":{"@type":"EntryPoint","urlTemplate":"https:\/\/commercesramonville.com\/?s={search_term_string}"},"query-input":"required name=search_term_string"}],"inLanguage":"en-US"},{"@type":"Organization","@id":"https:\/\/commercesramonville.com\/#organization","name":"Association des Commer\u00e7ants et Artisans de Ramonville","url":"https:\/\/commercesramonville.com\/","logo":{"@type":"ImageObject","inLanguage":"en-US","@id":"https:\/\/commercesramonville.com\/#\/schema\/logo\/image\/","url":"http:\/\/commercesramonville.com\/wp-content\/uploads\/2023\/06\/ACAR-Logo-PNG.png","contentUrl":"http:\/\/commercesramonville.com\/wp-content\/uploads\/2023\/06\/ACAR-Logo-PNG.png","width":2551,"height":2551,"caption":"Association des Commer\u00e7ants et Artisans de Ramonville"},"image":{"@id":"https:\/\/commercesramonville.com\/#\/schema\/logo\/image\/"},"sameAs":["https:\/\/www.facebook.com\/profile.php?id=100093439506329","https:\/\/www.instagram.com\/commercantsartisansramonville\/"]}]}},"_links":{"self":[{"href":"https:\/\/commercesramonville.com\/index.php\/wp-json\/wp\/v2\/pages\/23","targetHints":{"allow":["GET"]}}],"collection":[{"href":"https:\/\/commercesramonville.com\/index.php\/wp-json\/wp\/v2\/pages"}],"about":[{"href":"https:\/\/commercesramonville.com\/index.php\/wp-json\/wp\/v2\/types\/page"}],"author":[{"embeddable":true,"href":"https:\/\/commercesramonville.com\/index.php\/wp-json\/wp\/v2\/users\/1"}],"replies":[{"embeddable":true,"href":"https:\/\/commercesramonville.com\/index.php\/wp-json\/wp\/v2\/comments?post=23"}],"version-history":[{"count":46,"href":"https:\/\/commercesramonville.com\/index.php\/wp-json\/wp\/v2\/pages\/23\/revisions"}],"predecessor-version":[{"id":2086,"href":"https:\/\/commercesramonville.com\/index.php\/wp-json\/wp\/v2\/pages\/23\/revisions\/2086"}],"wp:attachment":[{"href":"https:\/\/commercesramonville.com\/index.php\/wp-json\/wp\/v2\/media?parent=23"}],"curies":[{"name":"wp","href":"https:\/\/api.w.org\/{rel}","templated":true}]}}