{"id":22,"date":"2023-06-27T14:29:31","date_gmt":"2023-06-27T12:29:31","guid":{"rendered":"http:\/\/commercesramonville.com\/?page_id=22"},"modified":"2024-05-21T16:21:43","modified_gmt":"2024-05-21T14:21:43","slug":"qui-sommes-nous-acar","status":"publish","type":"page","link":"https:\/\/commercesramonville.com\/index.php\/qui-sommes-nous-acar\/","title":{"rendered":"Qui sommes nous ?"},"content":{"rendered":"\t\t<div data-elementor-type=\"wp-page\" data-elementor-id=\"22\" class=\"elementor elementor-22\">\n\t\t\t\t<div class=\"elementor-element elementor-element-f9020ad e-con-full e-flex e-con e-parent\" data-id=\"f9020ad\" data-element_type=\"container\">\n\t\t\t\t<div class=\"elementor-element elementor-element-e261048 elementor-widget__width-initial elementor-widget-divider--view-line elementor-widget elementor-widget-divider\" data-id=\"e261048\" data-element_type=\"widget\" data-widget_type=\"divider.default\">\n\t\t\t\t<div class=\"elementor-widget-container\">\n\t\t\t\t\t<div class=\"elementor-divider\">\n\t\t\t<span class=\"elementor-divider-separator\">\n\t\t\t\t\t\t<\/span>\n\t\t<\/div>\n\t\t\t\t<\/div>\n\t\t\t\t<\/div>\n\t\t\t\t<div class=\"elementor-element elementor-element-d2049d9 elementor-widget__width-initial elementor-widget elementor-widget-heading\" data-id=\"d2049d9\" data-element_type=\"widget\" data-widget_type=\"heading.default\">\n\t\t\t\t<div class=\"elementor-widget-container\">\n\t\t\t<h1 class=\"elementor-heading-title elementor-size-default\">Qui sommes nous ?<\/h1>\t\t<\/div>\n\t\t\t\t<\/div>\n\t\t\t\t<div class=\"elementor-element elementor-element-d1bf574 elementor-widget__width-initial elementor-widget-divider--view-line elementor-widget elementor-widget-divider\" data-id=\"d1bf574\" data-element_type=\"widget\" data-widget_type=\"divider.default\">\n\t\t\t\t<div class=\"elementor-widget-container\">\n\t\t\t\t\t<div class=\"elementor-divider\">\n\t\t\t<span class=\"elementor-divider-separator\">\n\t\t\t\t\t\t<\/span>\n\t\t<\/div>\n\t\t\t\t<\/div>\n\t\t\t\t<\/div>\n\t\t\t\t<\/div>\n\t\t<div class=\"elementor-element elementor-element-4c9b45f e-con-full e-flex e-con e-parent\" data-id=\"4c9b45f\" data-element_type=\"container\">\n\t\t<div class=\"elementor-element elementor-element-b6c66ea e-con-full e-flex e-con e-child\" data-id=\"b6c66ea\" data-element_type=\"container\">\n\t\t\t\t<div class=\"elementor-element elementor-element-0e4711e elementor-widget elementor-widget-heading\" data-id=\"0e4711e\" data-element_type=\"widget\" data-widget_type=\"heading.default\">\n\t\t\t\t<div class=\"elementor-widget-container\">\n\t\t\t<h2 class=\"elementor-heading-title elementor-size-default\">Notre projet<\/h2>\t\t<\/div>\n\t\t\t\t<\/div>\n\t\t\t\t<div class=\"elementor-element elementor-element-d66b00d elementor-widget elementor-widget-text-editor\" data-id=\"d66b00d\" data-element_type=\"widget\" data-widget_type=\"text-editor.default\">\n\t\t\t\t<div class=\"elementor-widget-container\">\n\t\t\t\t\t\t\t<p>L&#8217;association des Commer\u00e7ants et Artisans de Ramonville (ACAR) a \u00e9t\u00e9 cr\u00e9e pour relancer l&#8217;\u00e9conomie des commerces aupr\u00e8s des habitants pendant la p\u00e9riode du Covid.<\/p><p>Elle a pour but de dynamiser et promouvoir les commerces et l&#8217;artisanat de la ville et inciter les habitants \u00e0 consommer local aupr\u00e8s de ses adh\u00e9rents.<\/p><p>Notre volont\u00e9 est de cr\u00e9er des temps forts avec les habitants, les partenaires institutionnels et associatifs visant \u00e0 renforcer le tissu commercial et artisanal de la ville. Nous voulons \u00e9galement permettre au d\u00e9veloppement et la croissance des entreprises adh\u00e9rentes.<\/p>\t\t\t\t\t\t<\/div>\n\t\t\t\t<\/div>\n\t\t\t\t<\/div>\n\t\t<div class=\"elementor-element elementor-element-a2187cf e-con-full e-flex e-con e-child\" data-id=\"a2187cf\" data-element_type=\"container\">\n\t\t\t\t<div class=\"elementor-element elementor-element-aeac65b elementor-widget elementor-widget-image\" data-id=\"aeac65b\" data-element_type=\"widget\" data-widget_type=\"image.default\">\n\t\t\t\t<div class=\"elementor-widget-container\">\n\t\t\t\t\t\t\t\t\t\t\t\t\t<img fetchpriority=\"high\" decoding=\"async\" width=\"1024\" height=\"1024\" src=\"https:\/\/commercesramonville.com\/wp-content\/uploads\/2024\/04\/Logo-ACAR-fond-blanc-e1716282860391-1024x1024.png\" class=\"attachment-large size-large wp-image-1208\" alt=\"\" srcset=\"https:\/\/commercesramonville.com\/wp-content\/uploads\/2024\/04\/Logo-ACAR-fond-blanc-e1716282860391-1024x1024.png 1024w, https:\/\/commercesramonville.com\/wp-content\/uploads\/2024\/04\/Logo-ACAR-fond-blanc-e1716282860391-300x300.png 300w, https:\/\/commercesramonville.com\/wp-content\/uploads\/2024\/04\/Logo-ACAR-fond-blanc-e1716282860391-150x150.png 150w, https:\/\/commercesramonville.com\/wp-content\/uploads\/2024\/04\/Logo-ACAR-fond-blanc-e1716282860391-768x768.png 768w, https:\/\/commercesramonville.com\/wp-content\/uploads\/2024\/04\/Logo-ACAR-fond-blanc-e1716282860391-1536x1536.png 1536w, https:\/\/commercesramonville.com\/wp-content\/uploads\/2024\/04\/Logo-ACAR-fond-blanc-e1716282860391-2048x2048.png 2048w, https:\/\/commercesramonville.com\/wp-content\/uploads\/2024\/04\/Logo-ACAR-fond-blanc-e1716282860391-600x600.png 600w\" sizes=\"(max-width: 1024px) 100vw, 1024px\" \/>\t\t\t\t\t\t\t\t\t\t\t\t\t<\/div>\n\t\t\t\t<\/div>\n\t\t\t\t<\/div>\n\t\t\t\t<\/div>\n\t\t<div class=\"elementor-element elementor-element-a9d567e e-con-full e-flex e-con e-parent\" data-id=\"a9d567e\" data-element_type=\"container\">\n\t\t<div class=\"elementor-element elementor-element-ebdf3aa e-con-full e-flex e-con e-child\" data-id=\"ebdf3aa\" data-element_type=\"container\">\n\t\t\t\t<div class=\"elementor-element elementor-element-8c94d39 elementor-widget elementor-widget-heading\" data-id=\"8c94d39\" data-element_type=\"widget\" data-widget_type=\"heading.default\">\n\t\t\t\t<div class=\"elementor-widget-container\">\n\t\t\t<h2 class=\"elementor-heading-title elementor-size-default\">Nos valeurs<\/h2>\t\t<\/div>\n\t\t\t\t<\/div>\n\t\t\t\t<div class=\"elementor-element elementor-element-644afa0 elementor-widget elementor-widget-text-editor\" data-id=\"644afa0\" data-element_type=\"widget\" data-widget_type=\"text-editor.default\">\n\t\t\t\t<div class=\"elementor-widget-container\">\n\t\t\t\t\t\t\t<p>Au travers des diff\u00e9rents projets, nous avons \u00e0 c\u0153ur de :\u00a0<\/p><ul><li>Mettre en avant les produits et services locaux propos\u00e9s par nos adh\u00e9rents<\/li><li>Dynamiser la ville en s&#8217;impliquant dans des projets participatifs<\/li><li>Cr\u00e9er du lien social<\/li><\/ul>\t\t\t\t\t\t<\/div>\n\t\t\t\t<\/div>\n\t\t\t\t<\/div>\n\t\t<div class=\"elementor-element elementor-element-b53e36b e-con-full e-flex e-con e-child\" data-id=\"b53e36b\" data-element_type=\"container\">\n\t\t\t\t<div class=\"elementor-element elementor-element-0513e3a elementor-widget elementor-widget-image\" data-id=\"0513e3a\" data-element_type=\"widget\" data-widget_type=\"image.default\">\n\t\t\t\t<div class=\"elementor-widget-container\">\n\t\t\t\t\t\t\t\t\t\t\t\t\t<img decoding=\"async\" width=\"1024\" height=\"803\" src=\"https:\/\/commercesramonville.com\/wp-content\/uploads\/2024\/05\/Saly-31-1-e1716283098911-1024x803.png\" class=\"attachment-large size-large wp-image-1908\" alt=\"\" srcset=\"https:\/\/commercesramonville.com\/wp-content\/uploads\/2024\/05\/Saly-31-1-e1716283098911-1024x803.png 1024w, https:\/\/commercesramonville.com\/wp-content\/uploads\/2024\/05\/Saly-31-1-e1716283098911-300x235.png 300w, https:\/\/commercesramonville.com\/wp-content\/uploads\/2024\/05\/Saly-31-1-e1716283098911-768x602.png 768w, https:\/\/commercesramonville.com\/wp-content\/uploads\/2024\/05\/Saly-31-1-e1716283098911.png 1317w\" sizes=\"(max-width: 1024px) 100vw, 1024px\" \/>\t\t\t\t\t\t\t\t\t\t\t\t\t<\/div>\n\t\t\t\t<\/div>\n\t\t\t\t<\/div>\n\t\t\t\t<\/div>\n\t\t<div class=\"elementor-element elementor-element-cac7cc0 e-con-full e-flex e-con e-parent\" data-id=\"cac7cc0\" data-element_type=\"container\">\n\t\t<div class=\"elementor-element elementor-element-3af0682 e-con-full e-flex e-con e-child\" data-id=\"3af0682\" data-element_type=\"container\">\n\t\t\t\t<div class=\"elementor-element elementor-element-fbd0921 elementor-widget elementor-widget-heading\" data-id=\"fbd0921\" data-element_type=\"widget\" data-widget_type=\"heading.default\">\n\t\t\t\t<div class=\"elementor-widget-container\">\n\t\t\t<h2 class=\"elementor-heading-title elementor-size-default\">Les avantages d'\u00eatre adh\u00e9rent<\/h2>\t\t<\/div>\n\t\t\t\t<\/div>\n\t\t\t\t<div class=\"elementor-element elementor-element-40562d4 elementor-widget elementor-widget-text-editor\" data-id=\"40562d4\" data-element_type=\"widget\" data-widget_type=\"text-editor.default\">\n\t\t\t\t<div class=\"elementor-widget-container\">\n\t\t\t\t\t\t\t<p>Partager les tracas du quotidien de l&#8217;entrepreneur et s&#8217;appuyer sur l&#8217;exp\u00e9rience des autres pour trouver des solutions.\u00a0<\/p>\n<p>Avoir de la visibilit\u00e9 sur les diff\u00e9rents supports de communication (offres commerciales, offres d&#8217;emploi, \u00e9v\u00e8nements, informations diverses).<\/p>\n<p>Soutenir le commerce local et \u00eatre r\u00e9f\u00e9renc\u00e9 en priorit\u00e9 aupr\u00e8s des usagers.<\/p>\n<p>Partager des temps et cr\u00e9er des \u00e9v\u00e8nements en commun pour dynamiser son commerce et les liens entre commer\u00e7ants et habitants.<\/p>\t\t\t\t\t\t<\/div>\n\t\t\t\t<\/div>\n\t\t\t\t<\/div>\n\t\t<div class=\"elementor-element elementor-element-fba50c5 e-con-full e-flex e-con e-child\" data-id=\"fba50c5\" data-element_type=\"container\">\n\t\t\t\t<div class=\"elementor-element elementor-element-858e267 elementor-widget elementor-widget-image\" data-id=\"858e267\" data-element_type=\"widget\" data-widget_type=\"image.default\">\n\t\t\t\t<div class=\"elementor-widget-container\">\n\t\t\t\t\t\t\t\t\t\t\t\t\t<img decoding=\"async\" width=\"885\" height=\"500\" src=\"https:\/\/commercesramonville.com\/wp-content\/uploads\/2024\/02\/IMG_1934.jpeg\" class=\"attachment-large size-large wp-image-426\" alt=\"\" srcset=\"https:\/\/commercesramonville.com\/wp-content\/uploads\/2024\/02\/IMG_1934.jpeg 885w, https:\/\/commercesramonville.com\/wp-content\/uploads\/2024\/02\/IMG_1934-300x169.jpeg 300w, https:\/\/commercesramonville.com\/wp-content\/uploads\/2024\/02\/IMG_1934-768x434.jpeg 768w\" sizes=\"(max-width: 885px) 100vw, 885px\" \/>\t\t\t\t\t\t\t\t\t\t\t\t\t<\/div>\n\t\t\t\t<\/div>\n\t\t\t\t<\/div>\n\t\t\t\t<\/div>\n\t\t\t\t<\/div>\n\t\t","protected":false},"excerpt":{"rendered":"<p>Qui sommes nous ? Notre projet L&#8217;association des Commer\u00e7ants et Artisans de Ramonville (ACAR) a \u00e9t\u00e9 cr\u00e9e pour relancer l&#8217;\u00e9conomie des commerces aupr\u00e8s des habitants pendant la p\u00e9riode du Covid. Elle a pour but de dynamiser et promouvoir les commerces et l&#8217;artisanat de la ville et inciter les habitants \u00e0 consommer local aupr\u00e8s de ses [&hellip;]<\/p>\n","protected":false},"author":1,"featured_media":0,"parent":0,"menu_order":0,"comment_status":"closed","ping_status":"closed","template":"elementor_header_footer","meta":{"ocean_post_layout":"","ocean_both_sidebars_style":"","ocean_both_sidebars_content_width":0,"ocean_both_sidebars_sidebars_width":0,"ocean_sidebar":"","ocean_second_sidebar":"","ocean_disable_margins":"enable","ocean_add_body_class":"","ocean_shortcode_before_top_bar":"","ocean_shortcode_after_top_bar":"","ocean_shortcode_before_header":"","ocean_shortcode_after_header":"","ocean_has_shortcode":"","ocean_shortcode_after_title":"","ocean_shortcode_before_footer_widgets":"","ocean_shortcode_after_footer_widgets":"","ocean_shortcode_before_footer_bottom":"","ocean_shortcode_after_footer_bottom":"","ocean_display_top_bar":"default","ocean_display_header":"default","ocean_header_style":"","ocean_center_header_left_menu":"","ocean_custom_header_template":"","ocean_custom_logo":0,"ocean_custom_retina_logo":0,"ocean_custom_logo_max_width":0,"ocean_custom_logo_tablet_max_width":0,"ocean_custom_logo_mobile_max_width":0,"ocean_custom_logo_max_height":0,"ocean_custom_logo_tablet_max_height":0,"ocean_custom_logo_mobile_max_height":0,"ocean_header_custom_menu":"","ocean_menu_typo_font_family":"","ocean_menu_typo_font_subset":"","ocean_menu_typo_font_size":0,"ocean_menu_typo_font_size_tablet":0,"ocean_menu_typo_font_size_mobile":0,"ocean_menu_typo_font_size_unit":"px","ocean_menu_typo_font_weight":"","ocean_menu_typo_font_weight_tablet":"","ocean_menu_typo_font_weight_mobile":"","ocean_menu_typo_transform":"","ocean_menu_typo_transform_tablet":"","ocean_menu_typo_transform_mobile":"","ocean_menu_typo_line_height":0,"ocean_menu_typo_line_height_tablet":0,"ocean_menu_typo_line_height_mobile":0,"ocean_menu_typo_line_height_unit":"","ocean_menu_typo_spacing":0,"ocean_menu_typo_spacing_tablet":0,"ocean_menu_typo_spacing_mobile":0,"ocean_menu_typo_spacing_unit":"","ocean_menu_link_color":"","ocean_menu_link_color_hover":"","ocean_menu_link_color_active":"","ocean_menu_link_background":"","ocean_menu_link_hover_background":"","ocean_menu_link_active_background":"","ocean_menu_social_links_bg":"","ocean_menu_social_hover_links_bg":"","ocean_menu_social_links_color":"","ocean_menu_social_hover_links_color":"","ocean_disable_title":"default","ocean_disable_heading":"default","ocean_post_title":"","ocean_post_subheading":"","ocean_post_title_style":"","ocean_post_title_background_color":"","ocean_post_title_background":0,"ocean_post_title_bg_image_position":"","ocean_post_title_bg_image_attachment":"","ocean_post_title_bg_image_repeat":"","ocean_post_title_bg_image_size":"","ocean_post_title_height":0,"ocean_post_title_bg_overlay":0.5,"ocean_post_title_bg_overlay_color":"","ocean_disable_breadcrumbs":"default","ocean_breadcrumbs_color":"","ocean_breadcrumbs_separator_color":"","ocean_breadcrumbs_links_color":"","ocean_breadcrumbs_links_hover_color":"","ocean_display_footer_widgets":"default","ocean_display_footer_bottom":"default","ocean_custom_footer_template":"","footnotes":""},"class_list":["post-22","page","type-page","status-publish","hentry","entry"],"yoast_head":"<!-- This site is optimized with the Yoast SEO plugin v22.7 - https:\/\/yoast.com\/wordpress\/plugins\/seo\/ -->\n<title>Qui sommes nous ? - ACAR<\/title>\n<meta name=\"description\" content=\"L&#039;association des Commer\u00e7ants et Artisans de Ramonville (ACAR) est une association cr\u00e9\u00e9e en 2020, suite \u00e0 la p\u00e9riode COVID.\" \/>\n<meta name=\"robots\" content=\"index, follow, max-snippet:-1, max-image-preview:large, max-video-preview:-1\" \/>\n<link rel=\"canonical\" href=\"https:\/\/commercesramonville.com\/index.php\/qui-sommes-nous-acar\/\" \/>\n<meta property=\"og:locale\" content=\"en_US\" \/>\n<meta property=\"og:type\" content=\"article\" \/>\n<meta property=\"og:title\" content=\"Qui sommes nous ? - ACAR\" \/>\n<meta property=\"og:description\" content=\"L&#039;association des Commer\u00e7ants et Artisans de Ramonville (ACAR) est une association cr\u00e9\u00e9e en 2020, suite \u00e0 la p\u00e9riode COVID.\" \/>\n<meta property=\"og:url\" content=\"https:\/\/commercesramonville.com\/index.php\/qui-sommes-nous-acar\/\" \/>\n<meta property=\"og:site_name\" content=\"ACAR\" \/>\n<meta property=\"article:publisher\" content=\"https:\/\/www.facebook.com\/profile.php?id=100093439506329\" \/>\n<meta property=\"article:modified_time\" content=\"2024-05-21T14:21:43+00:00\" \/>\n<meta property=\"og:image\" content=\"http:\/\/commercesramonville.com\/wp-content\/uploads\/2024\/04\/Logo-ACAR-fond-blanc-e1716282860391-1024x1024.png\" \/>\n<meta name=\"twitter:card\" content=\"summary_large_image\" \/>\n<meta name=\"twitter:label1\" content=\"Est. reading time\" \/>\n\t<meta name=\"twitter:data1\" content=\"2 minutes\" \/>\n<script type=\"application\/ld+json\" class=\"yoast-schema-graph\">{\"@context\":\"https:\/\/schema.org\",\"@graph\":[{\"@type\":\"WebPage\",\"@id\":\"https:\/\/commercesramonville.com\/index.php\/qui-sommes-nous-acar\/\",\"url\":\"https:\/\/commercesramonville.com\/index.php\/qui-sommes-nous-acar\/\",\"name\":\"Qui sommes nous ? - ACAR\",\"isPartOf\":{\"@id\":\"https:\/\/commercesramonville.com\/#website\"},\"primaryImageOfPage\":{\"@id\":\"https:\/\/commercesramonville.com\/index.php\/qui-sommes-nous-acar\/#primaryimage\"},\"image\":{\"@id\":\"https:\/\/commercesramonville.com\/index.php\/qui-sommes-nous-acar\/#primaryimage\"},\"thumbnailUrl\":\"http:\/\/commercesramonville.com\/wp-content\/uploads\/2024\/04\/Logo-ACAR-fond-blanc-e1716282860391-1024x1024.png\",\"datePublished\":\"2023-06-27T12:29:31+00:00\",\"dateModified\":\"2024-05-21T14:21:43+00:00\",\"description\":\"L'association des Commer\u00e7ants et Artisans de Ramonville (ACAR) est une association cr\u00e9\u00e9e en 2020, suite \u00e0 la p\u00e9riode COVID.\",\"breadcrumb\":{\"@id\":\"https:\/\/commercesramonville.com\/index.php\/qui-sommes-nous-acar\/#breadcrumb\"},\"inLanguage\":\"en-US\",\"potentialAction\":[{\"@type\":\"ReadAction\",\"target\":[\"https:\/\/commercesramonville.com\/index.php\/qui-sommes-nous-acar\/\"]}]},{\"@type\":\"ImageObject\",\"inLanguage\":\"en-US\",\"@id\":\"https:\/\/commercesramonville.com\/index.php\/qui-sommes-nous-acar\/#primaryimage\",\"url\":\"https:\/\/commercesramonville.com\/wp-content\/uploads\/2024\/04\/Logo-ACAR-fond-blanc-e1716282860391.png\",\"contentUrl\":\"https:\/\/commercesramonville.com\/wp-content\/uploads\/2024\/04\/Logo-ACAR-fond-blanc-e1716282860391.png\",\"width\":2130,\"height\":2130},{\"@type\":\"BreadcrumbList\",\"@id\":\"https:\/\/commercesramonville.com\/index.php\/qui-sommes-nous-acar\/#breadcrumb\",\"itemListElement\":[{\"@type\":\"ListItem\",\"position\":1,\"name\":\"Accueil\",\"item\":\"https:\/\/commercesramonville.com\/\"},{\"@type\":\"ListItem\",\"position\":2,\"name\":\"Qui sommes nous ?\"}]},{\"@type\":\"WebSite\",\"@id\":\"https:\/\/commercesramonville.com\/#website\",\"url\":\"https:\/\/commercesramonville.com\/\",\"name\":\"commercesramonville\",\"description\":\"Association des Commer\u00e7ants et Artisans de Ramonville\",\"publisher\":{\"@id\":\"https:\/\/commercesramonville.com\/#organization\"},\"potentialAction\":[{\"@type\":\"SearchAction\",\"target\":{\"@type\":\"EntryPoint\",\"urlTemplate\":\"https:\/\/commercesramonville.com\/?s={search_term_string}\"},\"query-input\":\"required name=search_term_string\"}],\"inLanguage\":\"en-US\"},{\"@type\":\"Organization\",\"@id\":\"https:\/\/commercesramonville.com\/#organization\",\"name\":\"Association des Commer\u00e7ants et Artisans de Ramonville\",\"url\":\"https:\/\/commercesramonville.com\/\",\"logo\":{\"@type\":\"ImageObject\",\"inLanguage\":\"en-US\",\"@id\":\"https:\/\/commercesramonville.com\/#\/schema\/logo\/image\/\",\"url\":\"http:\/\/commercesramonville.com\/wp-content\/uploads\/2023\/06\/ACAR-Logo-PNG.png\",\"contentUrl\":\"http:\/\/commercesramonville.com\/wp-content\/uploads\/2023\/06\/ACAR-Logo-PNG.png\",\"width\":2551,\"height\":2551,\"caption\":\"Association des Commer\u00e7ants et Artisans de Ramonville\"},\"image\":{\"@id\":\"https:\/\/commercesramonville.com\/#\/schema\/logo\/image\/\"},\"sameAs\":[\"https:\/\/www.facebook.com\/profile.php?id=100093439506329\",\"https:\/\/www.instagram.com\/commercantsartisansramonville\/\"]}]}<\/script>\n<!-- \/ Yoast SEO plugin. -->","yoast_head_json":{"title":"Qui sommes nous ? - ACAR","description":"L'association des Commer\u00e7ants et Artisans de Ramonville (ACAR) est une association cr\u00e9\u00e9e en 2020, suite \u00e0 la p\u00e9riode COVID.","robots":{"index":"index","follow":"follow","max-snippet":"max-snippet:-1","max-image-preview":"max-image-preview:large","max-video-preview":"max-video-preview:-1"},"canonical":"https:\/\/commercesramonville.com\/index.php\/qui-sommes-nous-acar\/","og_locale":"en_US","og_type":"article","og_title":"Qui sommes nous ? - ACAR","og_description":"L'association des Commer\u00e7ants et Artisans de Ramonville (ACAR) est une association cr\u00e9\u00e9e en 2020, suite \u00e0 la p\u00e9riode COVID.","og_url":"https:\/\/commercesramonville.com\/index.php\/qui-sommes-nous-acar\/","og_site_name":"ACAR","article_publisher":"https:\/\/www.facebook.com\/profile.php?id=100093439506329","article_modified_time":"2024-05-21T14:21:43+00:00","og_image":[{"url":"http:\/\/commercesramonville.com\/wp-content\/uploads\/2024\/04\/Logo-ACAR-fond-blanc-e1716282860391-1024x1024.png"}],"twitter_card":"summary_large_image","twitter_misc":{"Est. reading time":"2 minutes"},"schema":{"@context":"https:\/\/schema.org","@graph":[{"@type":"WebPage","@id":"https:\/\/commercesramonville.com\/index.php\/qui-sommes-nous-acar\/","url":"https:\/\/commercesramonville.com\/index.php\/qui-sommes-nous-acar\/","name":"Qui sommes nous ? - ACAR","isPartOf":{"@id":"https:\/\/commercesramonville.com\/#website"},"primaryImageOfPage":{"@id":"https:\/\/commercesramonville.com\/index.php\/qui-sommes-nous-acar\/#primaryimage"},"image":{"@id":"https:\/\/commercesramonville.com\/index.php\/qui-sommes-nous-acar\/#primaryimage"},"thumbnailUrl":"http:\/\/commercesramonville.com\/wp-content\/uploads\/2024\/04\/Logo-ACAR-fond-blanc-e1716282860391-1024x1024.png","datePublished":"2023-06-27T12:29:31+00:00","dateModified":"2024-05-21T14:21:43+00:00","description":"L'association des Commer\u00e7ants et Artisans de Ramonville (ACAR) est une association cr\u00e9\u00e9e en 2020, suite \u00e0 la p\u00e9riode COVID.","breadcrumb":{"@id":"https:\/\/commercesramonville.com\/index.php\/qui-sommes-nous-acar\/#breadcrumb"},"inLanguage":"en-US","potentialAction":[{"@type":"ReadAction","target":["https:\/\/commercesramonville.com\/index.php\/qui-sommes-nous-acar\/"]}]},{"@type":"ImageObject","inLanguage":"en-US","@id":"https:\/\/commercesramonville.com\/index.php\/qui-sommes-nous-acar\/#primaryimage","url":"https:\/\/commercesramonville.com\/wp-content\/uploads\/2024\/04\/Logo-ACAR-fond-blanc-e1716282860391.png","contentUrl":"https:\/\/commercesramonville.com\/wp-content\/uploads\/2024\/04\/Logo-ACAR-fond-blanc-e1716282860391.png","width":2130,"height":2130},{"@type":"BreadcrumbList","@id":"https:\/\/commercesramonville.com\/index.php\/qui-sommes-nous-acar\/#breadcrumb","itemListElement":[{"@type":"ListItem","position":1,"name":"Accueil","item":"https:\/\/commercesramonville.com\/"},{"@type":"ListItem","position":2,"name":"Qui sommes nous ?"}]},{"@type":"WebSite","@id":"https:\/\/commercesramonville.com\/#website","url":"https:\/\/commercesramonville.com\/","name":"commercesramonville","description":"Association des Commer\u00e7ants et Artisans de Ramonville","publisher":{"@id":"https:\/\/commercesramonville.com\/#organization"},"potentialAction":[{"@type":"SearchAction","target":{"@type":"EntryPoint","urlTemplate":"https:\/\/commercesramonville.com\/?s={search_term_string}"},"query-input":"required name=search_term_string"}],"inLanguage":"en-US"},{"@type":"Organization","@id":"https:\/\/commercesramonville.com\/#organization","name":"Association des Commer\u00e7ants et Artisans de Ramonville","url":"https:\/\/commercesramonville.com\/","logo":{"@type":"ImageObject","inLanguage":"en-US","@id":"https:\/\/commercesramonville.com\/#\/schema\/logo\/image\/","url":"http:\/\/commercesramonville.com\/wp-content\/uploads\/2023\/06\/ACAR-Logo-PNG.png","contentUrl":"http:\/\/commercesramonville.com\/wp-content\/uploads\/2023\/06\/ACAR-Logo-PNG.png","width":2551,"height":2551,"caption":"Association des Commer\u00e7ants et Artisans de Ramonville"},"image":{"@id":"https:\/\/commercesramonville.com\/#\/schema\/logo\/image\/"},"sameAs":["https:\/\/www.facebook.com\/profile.php?id=100093439506329","https:\/\/www.instagram.com\/commercantsartisansramonville\/"]}]}},"_links":{"self":[{"href":"https:\/\/commercesramonville.com\/index.php\/wp-json\/wp\/v2\/pages\/22","targetHints":{"allow":["GET"]}}],"collection":[{"href":"https:\/\/commercesramonville.com\/index.php\/wp-json\/wp\/v2\/pages"}],"about":[{"href":"https:\/\/commercesramonville.com\/index.php\/wp-json\/wp\/v2\/types\/page"}],"author":[{"embeddable":true,"href":"https:\/\/commercesramonville.com\/index.php\/wp-json\/wp\/v2\/users\/1"}],"replies":[{"embeddable":true,"href":"https:\/\/commercesramonville.com\/index.php\/wp-json\/wp\/v2\/comments?post=22"}],"version-history":[{"count":68,"href":"https:\/\/commercesramonville.com\/index.php\/wp-json\/wp\/v2\/pages\/22\/revisions"}],"predecessor-version":[{"id":2116,"href":"https:\/\/commercesramonville.com\/index.php\/wp-json\/wp\/v2\/pages\/22\/revisions\/2116"}],"wp:attachment":[{"href":"https:\/\/commercesramonville.com\/index.php\/wp-json\/wp\/v2\/media?parent=22"}],"curies":[{"name":"wp","href":"https:\/\/api.w.org\/{rel}","templated":true}]}}