{"id":21,"date":"2023-06-27T14:29:31","date_gmt":"2023-06-27T12:29:31","guid":{"rendered":"http:\/\/commercesramonville.com\/?page_id=21"},"modified":"2024-05-22T10:14:57","modified_gmt":"2024-05-22T08:14:57","slug":"association-des-commercants-et-artisans-de-ramonville","status":"publish","type":"page","link":"https:\/\/commercesramonville.com\/","title":{"rendered":"Association des Commer\u00e7ants et Artisans de Ramonville"},"content":{"rendered":"\t\t<div data-elementor-type=\"wp-page\" data-elementor-id=\"21\" class=\"elementor elementor-21\">\n\t\t\t\t<div class=\"elementor-element elementor-element-2a01fac e-con-full e-flex e-con e-parent\" data-id=\"2a01fac\" data-element_type=\"container\" data-settings=\"{&quot;background_background&quot;:&quot;classic&quot;}\">\n\t\t<div class=\"elementor-element elementor-element-c0d4b75 e-con-full e-flex e-con e-child\" data-id=\"c0d4b75\" data-element_type=\"container\" data-settings=\"{&quot;background_background&quot;:&quot;classic&quot;}\">\n\t\t\t\t<div class=\"elementor-element elementor-element-768ceb3 elementor-widget elementor-widget-heading\" data-id=\"768ceb3\" data-element_type=\"widget\" data-widget_type=\"heading.default\">\n\t\t\t\t<div class=\"elementor-widget-container\">\n\t\t\t<h2 class=\"elementor-heading-title elementor-size-default\">Association des Commer\u00e7ants et Artisans de Ramonville<\/h2>\t\t<\/div>\n\t\t\t\t<\/div>\n\t\t\t\t<div class=\"elementor-element elementor-element-606043a elementor-widget elementor-widget-text-editor\" data-id=\"606043a\" data-element_type=\"widget\" data-widget_type=\"text-editor.default\">\n\t\t\t\t<div class=\"elementor-widget-container\">\n\t\t\t\t\t\t\t<p>L\u2019ACAR (Association des Commer\u00e7ants et Artisans de Ramonville), cr\u00e9\u00e9e en 2020, a pour but de dynamiser et promouvoir les commerces et l\u2019artisanat de la commune de Ramonville.<\/p>\t\t\t\t\t\t<\/div>\n\t\t\t\t<\/div>\n\t\t\t\t<div class=\"elementor-element elementor-element-009c422 elementor-align-left elementor-widget elementor-widget-button\" data-id=\"009c422\" data-element_type=\"widget\" data-widget_type=\"button.default\">\n\t\t\t\t<div class=\"elementor-widget-container\">\n\t\t\t\t\t\t\t<div class=\"elementor-button-wrapper\">\n\t\t\t\t\t<a class=\"elementor-button elementor-button-link elementor-size-md\" href=\"https:\/\/commercesramonville.com\/index.php\/qui-sommes-nous-acar\/\">\n\t\t\t\t\t\t<span class=\"elementor-button-content-wrapper\">\n\t\t\t\t\t\t\t\t\t<span class=\"elementor-button-text\">En savoir plus<\/span>\n\t\t\t\t\t<\/span>\n\t\t\t\t\t<\/a>\n\t\t\t\t<\/div>\n\t\t\t\t\t\t<\/div>\n\t\t\t\t<\/div>\n\t\t\t\t<\/div>\n\t\t\t\t<\/div>\n\t\t<div class=\"elementor-element elementor-element-d3d12d7 e-con-full e-flex e-con e-parent\" data-id=\"d3d12d7\" data-element_type=\"container\">\n\t\t\t\t<div class=\"elementor-element elementor-element-ea7de8f elementor-widget elementor-widget-heading\" data-id=\"ea7de8f\" data-element_type=\"widget\" data-widget_type=\"heading.default\">\n\t\t\t\t<div class=\"elementor-widget-container\">\n\t\t\t<h2 class=\"elementor-heading-title elementor-size-default\">Vous \u00eates commer\u00e7ants ou artisans sur Ramonville ?<\/h2>\t\t<\/div>\n\t\t\t\t<\/div>\n\t\t\t\t<div class=\"elementor-element elementor-element-fa910b8 elementor-widget elementor-widget-text-editor\" data-id=\"fa910b8\" data-element_type=\"widget\" data-widget_type=\"text-editor.default\">\n\t\t\t\t<div class=\"elementor-widget-container\">\n\t\t\t\t\t\t\t<p>Rejoignez l\u2019ACAR en devenant adh\u00e9rent !<\/p>\t\t\t\t\t\t<\/div>\n\t\t\t\t<\/div>\n\t\t\t\t<div class=\"elementor-element elementor-element-5b8f209 elementor-align-center elementor-widget elementor-widget-button\" data-id=\"5b8f209\" data-element_type=\"widget\" data-widget_type=\"button.default\">\n\t\t\t\t<div class=\"elementor-widget-container\">\n\t\t\t\t\t\t\t<div class=\"elementor-button-wrapper\">\n\t\t\t\t\t<a class=\"elementor-button elementor-button-link elementor-size-md\" href=\"https:\/\/commercesramonville.com\/index.php\/adherer\/\">\n\t\t\t\t\t\t<span class=\"elementor-button-content-wrapper\">\n\t\t\t\t\t\t<span class=\"elementor-button-icon\">\n\t\t\t\t<svg aria-hidden=\"true\" class=\"e-font-icon-svg e-far-handshake\" viewBox=\"0 0 640 512\" xmlns=\"http:\/\/www.w3.org\/2000\/svg\"><path d=\"M519.2 127.9l-47.6-47.6A56.252 56.252 0 0 0 432 64H205.2c-14.8 0-29.1 5.9-39.6 16.3L118 127.9H0v255.7h64c17.6 0 31.8-14.2 31.9-31.7h9.1l84.6 76.4c30.9 25.1 73.8 25.7 105.6 3.8 12.5 10.8 26 15.9 41.1 15.9 18.2 0 35.3-7.4 48.8-24 22.1 8.7 48.2 2.6 64-16.8l26.2-32.3c5.6-6.9 9.1-14.8 10.9-23h57.9c.1 17.5 14.4 31.7 31.9 31.7h64V127.9H519.2zM48 351.6c-8.8 0-16-7.2-16-16s7.2-16 16-16 16 7.2 16 16c0 8.9-7.2 16-16 16zm390-6.9l-26.1 32.2c-2.8 3.4-7.8 4-11.3 1.2l-23.9-19.4-30 36.5c-6 7.3-15 4.8-18 2.4l-36.8-31.5-15.6 19.2c-13.9 17.1-39.2 19.7-55.3 6.6l-97.3-88H96V175.8h41.9l61.7-61.6c2-.8 3.7-1.5 5.7-2.3H262l-38.7 35.5c-29.4 26.9-31.1 72.3-4.4 101.3 14.8 16.2 61.2 41.2 101.5 4.4l8.2-7.5 108.2 87.8c3.4 2.8 3.9 7.9 1.2 11.3zm106-40.8h-69.2c-2.3-2.8-4.9-5.4-7.7-7.7l-102.7-83.4 12.5-11.4c6.5-6 7-16.1 1-22.6L367 167.1c-6-6.5-16.1-6.9-22.6-1l-55.2 50.6c-9.5 8.7-25.7 9.4-34.6 0-9.3-9.9-8.5-25.1 1.2-33.9l65.6-60.1c7.4-6.8 17-10.5 27-10.5l83.7-.2c2.1 0 4.1.8 5.5 2.3l61.7 61.6H544v128zm48 47.7c-8.8 0-16-7.2-16-16s7.2-16 16-16 16 7.2 16 16c0 8.9-7.2 16-16 16z\"><\/path><\/svg>\t\t\t<\/span>\n\t\t\t\t\t\t\t\t\t<span class=\"elementor-button-text\">Devenir adh\u00e9rent  <\/span>\n\t\t\t\t\t<\/span>\n\t\t\t\t\t<\/a>\n\t\t\t\t<\/div>\n\t\t\t\t\t\t<\/div>\n\t\t\t\t<\/div>\n\t\t\t\t<\/div>\n\t\t<div class=\"elementor-element elementor-element-3fef714 e-con-full e-flex e-con e-parent\" data-id=\"3fef714\" data-element_type=\"container\">\n\t\t\t\t<div class=\"elementor-element elementor-element-3bb6571 elementor-widget elementor-widget-heading\" data-id=\"3bb6571\" data-element_type=\"widget\" data-widget_type=\"heading.default\">\n\t\t\t\t<div class=\"elementor-widget-container\">\n\t\t\t<h2 class=\"elementor-heading-title elementor-size-default\">Vous voulez connaitre nos adh\u00e9rents actuels ?<\/h2>\t\t<\/div>\n\t\t\t\t<\/div>\n\t\t\t\t<div class=\"elementor-element elementor-element-9074ac7 elementor-widget elementor-widget-text-editor\" data-id=\"9074ac7\" data-element_type=\"widget\" data-widget_type=\"text-editor.default\">\n\t\t\t\t<div class=\"elementor-widget-container\">\n\t\t\t\t\t\t\t<p>Parcourez la carte de Ramonville et obtenez les informations de contact des commerces et artisans de notre ville.<\/p>\t\t\t\t\t\t<\/div>\n\t\t\t\t<\/div>\n\t\t\t\t<div class=\"elementor-element elementor-element-a4a7f8c elementor-align-center elementor-widget elementor-widget-button\" data-id=\"a4a7f8c\" data-element_type=\"widget\" data-widget_type=\"button.default\">\n\t\t\t\t<div class=\"elementor-widget-container\">\n\t\t\t\t\t\t\t<div class=\"elementor-button-wrapper\">\n\t\t\t\t\t<a class=\"elementor-button elementor-button-link elementor-size-md\" href=\"https:\/\/commercesramonville.com\/index.php\/nos-adherents\/\">\n\t\t\t\t\t\t<span class=\"elementor-button-content-wrapper\">\n\t\t\t\t\t\t\t\t\t<span class=\"elementor-button-text\">Nos adh\u00e9rents<\/span>\n\t\t\t\t\t<\/span>\n\t\t\t\t\t<\/a>\n\t\t\t\t<\/div>\n\t\t\t\t\t\t<\/div>\n\t\t\t\t<\/div>\n\t\t\t\t<\/div>\n\t\t<div class=\"elementor-element elementor-element-ed7b409 e-con-full e-flex e-con e-parent\" data-id=\"ed7b409\" data-element_type=\"container\">\n\t\t\t\t<div class=\"elementor-element elementor-element-2831d13 elementor-widget elementor-widget-heading\" data-id=\"2831d13\" data-element_type=\"widget\" data-widget_type=\"heading.default\">\n\t\t\t\t<div class=\"elementor-widget-container\">\n\t\t\t<h2 class=\"elementor-heading-title elementor-size-default\">Quoi de nouveau chez nous ?<\/h2>\t\t<\/div>\n\t\t\t\t<\/div>\n\t\t\t\t<div class=\"elementor-element elementor-element-f802327 elementor-widget elementor-widget-text-editor\" data-id=\"f802327\" data-element_type=\"widget\" data-widget_type=\"text-editor.default\">\n\t\t\t\t<div class=\"elementor-widget-container\">\n\t\t\t\t\t\t\t<p>Retrouvez tous les \u00e9v\u00e8nements pass\u00e9s ou \u00e0 venir sur notre page<\/p>\t\t\t\t\t\t<\/div>\n\t\t\t\t<\/div>\n\t\t\t\t<div class=\"elementor-element elementor-element-e69b386 elementor-widget__width-inherit elementor-arrows-position-inside elementor-widget elementor-widget-image-carousel\" data-id=\"e69b386\" data-element_type=\"widget\" data-settings=\"{&quot;slides_to_show&quot;:&quot;3&quot;,&quot;navigation&quot;:&quot;arrows&quot;,&quot;slides_to_show_mobile&quot;:&quot;1&quot;,&quot;infinite&quot;:&quot;yes&quot;,&quot;speed&quot;:500}\" data-widget_type=\"image-carousel.default\">\n\t\t\t\t<div class=\"elementor-widget-container\">\n\t\t\t\t\t<div class=\"elementor-image-carousel-wrapper swiper\" dir=\"ltr\">\n\t\t\t<div class=\"elementor-image-carousel swiper-wrapper\" aria-live=\"polite\">\n\t\t\t\t\t\t\t\t<div class=\"swiper-slide\" role=\"group\" aria-roledescription=\"slide\" aria-label=\"1 of 3\"><a data-elementor-open-lightbox=\"yes\" data-elementor-lightbox-slideshow=\"e69b386\" data-elementor-lightbox-title=\"IMG_1345\" data-e-action-hash=\"#elementor-action%3Aaction%3Dlightbox%26settings%3DeyJpZCI6MzIxLCJ1cmwiOiJodHRwczpcL1wvY29tbWVyY2VzcmFtb252aWxsZS5jb21cL3dwLWNvbnRlbnRcL3VwbG9hZHNcLzIwMjRcLzAxXC9JTUdfMTM0NS1lMTcxNDM5NDMyOTc4Mi5qcGVnIiwic2xpZGVzaG93IjoiZTY5YjM4NiJ9\" href=\"https:\/\/commercesramonville.com\/wp-content\/uploads\/2024\/01\/IMG_1345-e1714394329782.jpeg\"><figure class=\"swiper-slide-inner\"><img decoding=\"async\" class=\"swiper-slide-image\" src=\"https:\/\/commercesramonville.com\/wp-content\/uploads\/2024\/01\/IMG_1345-e1714394329782-300x300.jpeg\" alt=\"Affiche du loto des commer\u00e7ants, le 6 janvier 2024\" \/><\/figure><\/a><\/div><div class=\"swiper-slide\" role=\"group\" aria-roledescription=\"slide\" aria-label=\"2 of 3\"><a data-elementor-open-lightbox=\"yes\" data-elementor-lightbox-slideshow=\"e69b386\" data-elementor-lightbox-title=\"event juin2023\" data-e-action-hash=\"#elementor-action%3Aaction%3Dlightbox%26settings%3DeyJpZCI6OTI0LCJ1cmwiOiJodHRwczpcL1wvY29tbWVyY2VzcmFtb252aWxsZS5jb21cL3dwLWNvbnRlbnRcL3VwbG9hZHNcLzIwMjRcLzA0XC9ldmVudC1qdWluMjAyMy5wbmciLCJzbGlkZXNob3ciOiJlNjliMzg2In0%3D\" href=\"https:\/\/commercesramonville.com\/wp-content\/uploads\/2024\/04\/event-juin2023.png\"><figure class=\"swiper-slide-inner\"><img decoding=\"async\" class=\"swiper-slide-image\" src=\"https:\/\/commercesramonville.com\/wp-content\/uploads\/2024\/04\/event-juin2023-300x300.png\" alt=\"Affiche de l&#039;\u00e9quipe associative pour la f\u00eate de la musique en juin 2023\" \/><\/figure><\/a><\/div><div class=\"swiper-slide\" role=\"group\" aria-roledescription=\"slide\" aria-label=\"3 of 3\"><a data-elementor-open-lightbox=\"yes\" data-elementor-lightbox-slideshow=\"e69b386\" data-elementor-lightbox-title=\"\u00c9v\u00e9nements acar\" data-e-action-hash=\"#elementor-action%3Aaction%3Dlightbox%26settings%3DeyJpZCI6MzIyLCJ1cmwiOiJodHRwczpcL1wvY29tbWVyY2VzcmFtb252aWxsZS5jb21cL3dwLWNvbnRlbnRcL3VwbG9hZHNcLzIwMjRcLzAxXC9FdmVuZW1lbnRzLWFjYXItLWUxNzE0Mzk0MzcyOTE1LnBuZyIsInNsaWRlc2hvdyI6ImU2OWIzODYifQ%3D%3D\" href=\"https:\/\/commercesramonville.com\/wp-content\/uploads\/2024\/01\/Evenements-acar--e1714394372915.png\"><figure class=\"swiper-slide-inner\"><img decoding=\"async\" class=\"swiper-slide-image\" src=\"https:\/\/commercesramonville.com\/wp-content\/uploads\/2024\/01\/Evenements-acar--e1714394372915-300x300.png\" alt=\"Affiche &quot;Marnac en f\u00eate&quot;\" \/><\/figure><\/a><\/div>\t\t\t<\/div>\n\t\t\t\t\t\t\t\t\t\t\t\t<div class=\"elementor-swiper-button elementor-swiper-button-prev\" role=\"button\" tabindex=\"0\">\n\t\t\t\t\t\t<svg aria-hidden=\"true\" class=\"e-font-icon-svg e-eicon-chevron-left\" viewBox=\"0 0 1000 1000\" xmlns=\"http:\/\/www.w3.org\/2000\/svg\"><path d=\"M646 125C629 125 613 133 604 142L308 442C296 454 292 471 292 487 292 504 296 521 308 533L604 854C617 867 629 875 646 875 663 875 679 871 692 858 704 846 713 829 713 812 713 796 708 779 692 767L438 487 692 225C700 217 708 204 708 187 708 171 704 154 692 142 675 129 663 125 646 125Z\"><\/path><\/svg>\t\t\t\t\t<\/div>\n\t\t\t\t\t<div class=\"elementor-swiper-button elementor-swiper-button-next\" role=\"button\" tabindex=\"0\">\n\t\t\t\t\t\t<svg aria-hidden=\"true\" class=\"e-font-icon-svg e-eicon-chevron-right\" viewBox=\"0 0 1000 1000\" xmlns=\"http:\/\/www.w3.org\/2000\/svg\"><path d=\"M696 533C708 521 713 504 713 487 713 471 708 454 696 446L400 146C388 133 375 125 354 125 338 125 325 129 313 142 300 154 292 171 292 187 292 204 296 221 308 233L563 492 304 771C292 783 288 800 288 817 288 833 296 850 308 863 321 871 338 875 354 875 371 875 388 867 400 854L696 533Z\"><\/path><\/svg>\t\t\t\t\t<\/div>\n\t\t\t\t\n\t\t\t\t\t\t\t\t\t<\/div>\n\t\t\t\t<\/div>\n\t\t\t\t<\/div>\n\t\t\t\t<div class=\"elementor-element elementor-element-48fa48a elementor-align-center elementor-widget elementor-widget-button\" data-id=\"48fa48a\" data-element_type=\"widget\" data-widget_type=\"button.default\">\n\t\t\t\t<div class=\"elementor-widget-container\">\n\t\t\t\t\t\t\t<div class=\"elementor-button-wrapper\">\n\t\t\t\t\t<a class=\"elementor-button elementor-button-link elementor-size-md\" href=\"https:\/\/commercesramonville.com\/index.php\/nos-evenements\/\">\n\t\t\t\t\t\t<span class=\"elementor-button-content-wrapper\">\n\t\t\t\t\t\t\t\t\t<span class=\"elementor-button-text\">D\u00e9couvrir plus<\/span>\n\t\t\t\t\t<\/span>\n\t\t\t\t\t<\/a>\n\t\t\t\t<\/div>\n\t\t\t\t\t\t<\/div>\n\t\t\t\t<\/div>\n\t\t\t\t<\/div>\n\t\t\t\t<\/div>\n\t\t","protected":false},"excerpt":{"rendered":"<p>Association des Commer\u00e7ants et Artisans de Ramonville L\u2019ACAR (Association des Commer\u00e7ants et Artisans de Ramonville), cr\u00e9\u00e9e en 2020, a pour but de dynamiser et promouvoir les commerces et l\u2019artisanat de la commune de Ramonville. En savoir plus Vous \u00eates commer\u00e7ants ou artisans sur Ramonville ? Rejoignez l\u2019ACAR en devenant adh\u00e9rent ! Devenir adh\u00e9rent Vous voulez [&hellip;]<\/p>\n","protected":false},"author":1,"featured_media":68,"parent":0,"menu_order":0,"comment_status":"closed","ping_status":"closed","template":"elementor_header_footer","meta":{"ocean_post_layout":"","ocean_both_sidebars_style":"","ocean_both_sidebars_content_width":0,"ocean_both_sidebars_sidebars_width":0,"ocean_sidebar":"","ocean_second_sidebar":"","ocean_disable_margins":"enable","ocean_add_body_class":"","ocean_shortcode_before_top_bar":"","ocean_shortcode_after_top_bar":"","ocean_shortcode_before_header":"","ocean_shortcode_after_header":"","ocean_has_shortcode":"","ocean_shortcode_after_title":"","ocean_shortcode_before_footer_widgets":"","ocean_shortcode_after_footer_widgets":"","ocean_shortcode_before_footer_bottom":"","ocean_shortcode_after_footer_bottom":"","ocean_display_top_bar":"default","ocean_display_header":"default","ocean_header_style":"","ocean_center_header_left_menu":"","ocean_custom_header_template":"","ocean_custom_logo":0,"ocean_custom_retina_logo":0,"ocean_custom_logo_max_width":0,"ocean_custom_logo_tablet_max_width":0,"ocean_custom_logo_mobile_max_width":0,"ocean_custom_logo_max_height":0,"ocean_custom_logo_tablet_max_height":0,"ocean_custom_logo_mobile_max_height":0,"ocean_header_custom_menu":"","ocean_menu_typo_font_family":"","ocean_menu_typo_font_subset":"","ocean_menu_typo_font_size":0,"ocean_menu_typo_font_size_tablet":0,"ocean_menu_typo_font_size_mobile":0,"ocean_menu_typo_font_size_unit":"px","ocean_menu_typo_font_weight":"","ocean_menu_typo_font_weight_tablet":"","ocean_menu_typo_font_weight_mobile":"","ocean_menu_typo_transform":"","ocean_menu_typo_transform_tablet":"","ocean_menu_typo_transform_mobile":"","ocean_menu_typo_line_height":0,"ocean_menu_typo_line_height_tablet":0,"ocean_menu_typo_line_height_mobile":0,"ocean_menu_typo_line_height_unit":"","ocean_menu_typo_spacing":0,"ocean_menu_typo_spacing_tablet":0,"ocean_menu_typo_spacing_mobile":0,"ocean_menu_typo_spacing_unit":"","ocean_menu_link_color":"","ocean_menu_link_color_hover":"","ocean_menu_link_color_active":"","ocean_menu_link_background":"","ocean_menu_link_hover_background":"","ocean_menu_link_active_background":"","ocean_menu_social_links_bg":"","ocean_menu_social_hover_links_bg":"","ocean_menu_social_links_color":"","ocean_menu_social_hover_links_color":"","ocean_disable_title":"default","ocean_disable_heading":"default","ocean_post_title":"","ocean_post_subheading":"","ocean_post_title_style":"","ocean_post_title_background_color":"","ocean_post_title_background":0,"ocean_post_title_bg_image_position":"","ocean_post_title_bg_image_attachment":"","ocean_post_title_bg_image_repeat":"","ocean_post_title_bg_image_size":"","ocean_post_title_height":0,"ocean_post_title_bg_overlay":0.5,"ocean_post_title_bg_overlay_color":"","ocean_disable_breadcrumbs":"default","ocean_breadcrumbs_color":"","ocean_breadcrumbs_separator_color":"","ocean_breadcrumbs_links_color":"","ocean_breadcrumbs_links_hover_color":"","ocean_display_footer_widgets":"default","ocean_display_footer_bottom":"default","ocean_custom_footer_template":"","footnotes":""},"class_list":["post-21","page","type-page","status-publish","has-post-thumbnail","hentry","entry","has-media"],"yoast_head":"<!-- This site is optimized with the Yoast SEO plugin v22.7 - https:\/\/yoast.com\/wordpress\/plugins\/seo\/ -->\n<title>Association des Commer\u00e7ants et Artisans de Ramonville - ACAR<\/title>\n<meta name=\"description\" content=\"L&#039;Association des Commer\u00e7ants et Artisans de Ramonville a pour but de dynamiser et promouvoir les commerces et l&#039;artisanat de la commune.\" \/>\n<meta name=\"robots\" content=\"index, follow, max-snippet:-1, max-image-preview:large, max-video-preview:-1\" \/>\n<link rel=\"canonical\" href=\"https:\/\/commercesramonville.com\/\" \/>\n<meta property=\"og:locale\" content=\"en_US\" \/>\n<meta property=\"og:type\" content=\"article\" \/>\n<meta property=\"og:title\" content=\"Association des Commer\u00e7ants et Artisans de Ramonville - ACAR\" \/>\n<meta property=\"og:description\" content=\"L&#039;Association des Commer\u00e7ants et Artisans de Ramonville a pour but de dynamiser et promouvoir les commerces et l&#039;artisanat de la commune.\" \/>\n<meta property=\"og:url\" content=\"https:\/\/commercesramonville.com\/\" \/>\n<meta property=\"og:site_name\" content=\"ACAR\" \/>\n<meta property=\"article:publisher\" content=\"https:\/\/www.facebook.com\/profile.php?id=100093439506329\" \/>\n<meta property=\"article:modified_time\" content=\"2024-05-22T08:14:57+00:00\" \/>\n<meta property=\"og:image\" content=\"https:\/\/commercesramonville.com\/wp-content\/uploads\/2023\/06\/Logo-ACAR-fond-blanc.png\" \/>\n\t<meta property=\"og:image:width\" content=\"2551\" \/>\n\t<meta property=\"og:image:height\" content=\"2551\" \/>\n\t<meta property=\"og:image:type\" content=\"image\/png\" \/>\n<meta name=\"twitter:card\" content=\"summary_large_image\" \/>\n<meta name=\"twitter:label1\" content=\"Est. reading time\" \/>\n\t<meta name=\"twitter:data1\" content=\"2 minutes\" \/>\n<script type=\"application\/ld+json\" class=\"yoast-schema-graph\">{\"@context\":\"https:\/\/schema.org\",\"@graph\":[{\"@type\":\"WebPage\",\"@id\":\"https:\/\/commercesramonville.com\/\",\"url\":\"https:\/\/commercesramonville.com\/\",\"name\":\"Association des Commer\u00e7ants et Artisans de Ramonville - ACAR\",\"isPartOf\":{\"@id\":\"https:\/\/commercesramonville.com\/#website\"},\"primaryImageOfPage\":{\"@id\":\"https:\/\/commercesramonville.com\/#primaryimage\"},\"image\":{\"@id\":\"https:\/\/commercesramonville.com\/#primaryimage\"},\"thumbnailUrl\":\"https:\/\/commercesramonville.com\/wp-content\/uploads\/2023\/06\/Logo-ACAR-fond-blanc.png\",\"datePublished\":\"2023-06-27T12:29:31+00:00\",\"dateModified\":\"2024-05-22T08:14:57+00:00\",\"description\":\"L'Association des Commer\u00e7ants et Artisans de Ramonville a pour but de dynamiser et promouvoir les commerces et l'artisanat de la commune.\",\"breadcrumb\":{\"@id\":\"https:\/\/commercesramonville.com\/#breadcrumb\"},\"inLanguage\":\"en-US\",\"potentialAction\":[{\"@type\":\"ReadAction\",\"target\":[\"https:\/\/commercesramonville.com\/\"]}]},{\"@type\":\"ImageObject\",\"inLanguage\":\"en-US\",\"@id\":\"https:\/\/commercesramonville.com\/#primaryimage\",\"url\":\"https:\/\/commercesramonville.com\/wp-content\/uploads\/2023\/06\/Logo-ACAR-fond-blanc.png\",\"contentUrl\":\"https:\/\/commercesramonville.com\/wp-content\/uploads\/2023\/06\/Logo-ACAR-fond-blanc.png\",\"width\":2551,\"height\":2551},{\"@type\":\"BreadcrumbList\",\"@id\":\"https:\/\/commercesramonville.com\/#breadcrumb\",\"itemListElement\":[{\"@type\":\"ListItem\",\"position\":1,\"name\":\"Accueil\",\"item\":\"https:\/\/commercesramonville.com\/\"},{\"@type\":\"ListItem\",\"position\":2,\"name\":\"Association des Commer\u00e7ants et Artisans de Ramonville\"}]},{\"@type\":\"WebSite\",\"@id\":\"https:\/\/commercesramonville.com\/#website\",\"url\":\"https:\/\/commercesramonville.com\/\",\"name\":\"commercesramonville\",\"description\":\"Association des Commer\u00e7ants et Artisans de Ramonville\",\"publisher\":{\"@id\":\"https:\/\/commercesramonville.com\/#organization\"},\"potentialAction\":[{\"@type\":\"SearchAction\",\"target\":{\"@type\":\"EntryPoint\",\"urlTemplate\":\"https:\/\/commercesramonville.com\/?s={search_term_string}\"},\"query-input\":\"required name=search_term_string\"}],\"inLanguage\":\"en-US\"},{\"@type\":\"Organization\",\"@id\":\"https:\/\/commercesramonville.com\/#organization\",\"name\":\"Association des Commer\u00e7ants et Artisans de Ramonville\",\"url\":\"https:\/\/commercesramonville.com\/\",\"logo\":{\"@type\":\"ImageObject\",\"inLanguage\":\"en-US\",\"@id\":\"https:\/\/commercesramonville.com\/#\/schema\/logo\/image\/\",\"url\":\"http:\/\/commercesramonville.com\/wp-content\/uploads\/2023\/06\/ACAR-Logo-PNG.png\",\"contentUrl\":\"http:\/\/commercesramonville.com\/wp-content\/uploads\/2023\/06\/ACAR-Logo-PNG.png\",\"width\":2551,\"height\":2551,\"caption\":\"Association des Commer\u00e7ants et Artisans de Ramonville\"},\"image\":{\"@id\":\"https:\/\/commercesramonville.com\/#\/schema\/logo\/image\/\"},\"sameAs\":[\"https:\/\/www.facebook.com\/profile.php?id=100093439506329\",\"https:\/\/www.instagram.com\/commercantsartisansramonville\/\"]}]}<\/script>\n<!-- \/ Yoast SEO plugin. -->","yoast_head_json":{"title":"Association des Commer\u00e7ants et Artisans de Ramonville - ACAR","description":"L'Association des Commer\u00e7ants et Artisans de Ramonville a pour but de dynamiser et promouvoir les commerces et l'artisanat de la commune.","robots":{"index":"index","follow":"follow","max-snippet":"max-snippet:-1","max-image-preview":"max-image-preview:large","max-video-preview":"max-video-preview:-1"},"canonical":"https:\/\/commercesramonville.com\/","og_locale":"en_US","og_type":"article","og_title":"Association des Commer\u00e7ants et Artisans de Ramonville - ACAR","og_description":"L'Association des Commer\u00e7ants et Artisans de Ramonville a pour but de dynamiser et promouvoir les commerces et l'artisanat de la commune.","og_url":"https:\/\/commercesramonville.com\/","og_site_name":"ACAR","article_publisher":"https:\/\/www.facebook.com\/profile.php?id=100093439506329","article_modified_time":"2024-05-22T08:14:57+00:00","og_image":[{"width":2551,"height":2551,"url":"https:\/\/commercesramonville.com\/wp-content\/uploads\/2023\/06\/Logo-ACAR-fond-blanc.png","type":"image\/png"}],"twitter_card":"summary_large_image","twitter_misc":{"Est. reading time":"2 minutes"},"schema":{"@context":"https:\/\/schema.org","@graph":[{"@type":"WebPage","@id":"https:\/\/commercesramonville.com\/","url":"https:\/\/commercesramonville.com\/","name":"Association des Commer\u00e7ants et Artisans de Ramonville - ACAR","isPartOf":{"@id":"https:\/\/commercesramonville.com\/#website"},"primaryImageOfPage":{"@id":"https:\/\/commercesramonville.com\/#primaryimage"},"image":{"@id":"https:\/\/commercesramonville.com\/#primaryimage"},"thumbnailUrl":"https:\/\/commercesramonville.com\/wp-content\/uploads\/2023\/06\/Logo-ACAR-fond-blanc.png","datePublished":"2023-06-27T12:29:31+00:00","dateModified":"2024-05-22T08:14:57+00:00","description":"L'Association des Commer\u00e7ants et Artisans de Ramonville a pour but de dynamiser et promouvoir les commerces et l'artisanat de la commune.","breadcrumb":{"@id":"https:\/\/commercesramonville.com\/#breadcrumb"},"inLanguage":"en-US","potentialAction":[{"@type":"ReadAction","target":["https:\/\/commercesramonville.com\/"]}]},{"@type":"ImageObject","inLanguage":"en-US","@id":"https:\/\/commercesramonville.com\/#primaryimage","url":"https:\/\/commercesramonville.com\/wp-content\/uploads\/2023\/06\/Logo-ACAR-fond-blanc.png","contentUrl":"https:\/\/commercesramonville.com\/wp-content\/uploads\/2023\/06\/Logo-ACAR-fond-blanc.png","width":2551,"height":2551},{"@type":"BreadcrumbList","@id":"https:\/\/commercesramonville.com\/#breadcrumb","itemListElement":[{"@type":"ListItem","position":1,"name":"Accueil","item":"https:\/\/commercesramonville.com\/"},{"@type":"ListItem","position":2,"name":"Association des Commer\u00e7ants et Artisans de Ramonville"}]},{"@type":"WebSite","@id":"https:\/\/commercesramonville.com\/#website","url":"https:\/\/commercesramonville.com\/","name":"commercesramonville","description":"Association des Commer\u00e7ants et Artisans de Ramonville","publisher":{"@id":"https:\/\/commercesramonville.com\/#organization"},"potentialAction":[{"@type":"SearchAction","target":{"@type":"EntryPoint","urlTemplate":"https:\/\/commercesramonville.com\/?s={search_term_string}"},"query-input":"required name=search_term_string"}],"inLanguage":"en-US"},{"@type":"Organization","@id":"https:\/\/commercesramonville.com\/#organization","name":"Association des Commer\u00e7ants et Artisans de Ramonville","url":"https:\/\/commercesramonville.com\/","logo":{"@type":"ImageObject","inLanguage":"en-US","@id":"https:\/\/commercesramonville.com\/#\/schema\/logo\/image\/","url":"http:\/\/commercesramonville.com\/wp-content\/uploads\/2023\/06\/ACAR-Logo-PNG.png","contentUrl":"http:\/\/commercesramonville.com\/wp-content\/uploads\/2023\/06\/ACAR-Logo-PNG.png","width":2551,"height":2551,"caption":"Association des Commer\u00e7ants et Artisans de Ramonville"},"image":{"@id":"https:\/\/commercesramonville.com\/#\/schema\/logo\/image\/"},"sameAs":["https:\/\/www.facebook.com\/profile.php?id=100093439506329","https:\/\/www.instagram.com\/commercantsartisansramonville\/"]}]}},"_links":{"self":[{"href":"https:\/\/commercesramonville.com\/index.php\/wp-json\/wp\/v2\/pages\/21","targetHints":{"allow":["GET"]}}],"collection":[{"href":"https:\/\/commercesramonville.com\/index.php\/wp-json\/wp\/v2\/pages"}],"about":[{"href":"https:\/\/commercesramonville.com\/index.php\/wp-json\/wp\/v2\/types\/page"}],"author":[{"embeddable":true,"href":"https:\/\/commercesramonville.com\/index.php\/wp-json\/wp\/v2\/users\/1"}],"replies":[{"embeddable":true,"href":"https:\/\/commercesramonville.com\/index.php\/wp-json\/wp\/v2\/comments?post=21"}],"version-history":[{"count":173,"href":"https:\/\/commercesramonville.com\/index.php\/wp-json\/wp\/v2\/pages\/21\/revisions"}],"predecessor-version":[{"id":2129,"href":"https:\/\/commercesramonville.com\/index.php\/wp-json\/wp\/v2\/pages\/21\/revisions\/2129"}],"wp:featuredmedia":[{"embeddable":true,"href":"https:\/\/commercesramonville.com\/index.php\/wp-json\/wp\/v2\/media\/68"}],"wp:attachment":[{"href":"https:\/\/commercesramonville.com\/index.php\/wp-json\/wp\/v2\/media?parent=21"}],"curies":[{"name":"wp","href":"https:\/\/api.w.org\/{rel}","templated":true}]}}